{"id":837,"date":"2024-07-30T13:06:48","date_gmt":"2024-07-30T11:06:48","guid":{"rendered":"https:\/\/johannistal.net\/hpl\/?page_id=837"},"modified":"2024-08-13T22:05:04","modified_gmt":"2024-08-13T20:05:04","slug":"2-personenkreis","status":"publish","type":"page","link":"https:\/\/johannistal.net\/hpl\/2-personenkreis\/","title":{"rendered":"2. Personenkreis"},"content":{"rendered":"\t\t<div data-elementor-type=\"wp-page\" data-elementor-id=\"837\" class=\"elementor elementor-837\">\n\t\t\t\t<div class=\"elementor-element elementor-element-8faaaf3 e-flex e-con-boxed e-con e-parent\" data-id=\"8faaaf3\" data-element_type=\"container\" data-e-type=\"container\" data-settings=\"{&quot;background_background&quot;:&quot;classic&quot;}\">\n\t\t\t\t\t<div class=\"e-con-inner\">\n\t\t\t\t\t<\/div>\n\t\t\t\t<\/div>\n\t\t<div class=\"elementor-element elementor-element-dc8795a e-con-full e-flex e-con e-parent\" data-id=\"dc8795a\" data-element_type=\"container\" data-e-type=\"container\">\n\t\t<div class=\"elementor-element elementor-element-4d261fe e-con-full e-flex e-con e-child\" data-id=\"4d261fe\" data-element_type=\"container\" data-e-type=\"container\" data-settings=\"{&quot;background_background&quot;:&quot;gradient&quot;}\">\n\t\t\t\t<\/div>\n\t\t<div class=\"elementor-element elementor-element-804dca2 e-con-full e-flex e-con e-child\" data-id=\"804dca2\" data-element_type=\"container\" data-e-type=\"container\" data-settings=\"{&quot;background_background&quot;:&quot;gradient&quot;}\">\n\t\t\t\t<div class=\"elementor-element elementor-element-d7765e3 elementor-widget elementor-widget-heading\" data-id=\"d7765e3\" data-element_type=\"widget\" data-e-type=\"widget\" data-widget_type=\"heading.default\">\n\t\t\t\t<div class=\"elementor-widget-container\">\n\t\t\t\t\t<h1 class=\"elementor-heading-title elementor-size-default\">2. Personenkreis<\/h1>\t\t\t\t<\/div>\n\t\t\t\t<\/div>\n\t\t\t\t<div class=\"elementor-element elementor-element-7588be4 elementor-widget elementor-widget-text-editor\" data-id=\"7588be4\" data-element_type=\"widget\" data-e-type=\"widget\" data-widget_type=\"text-editor.default\">\n\t\t\t\t<div class=\"elementor-widget-container\">\n\t\t\t\t\t\t\t\t\t<p>Das Angebot wendet sich an noch nicht eingeschulte Kinder, die eine k\u00f6rperliche, seelische und\/ oder kognitive Beeintr\u00e4chtigung oder Entwicklungsst\u00f6rung aufweisen bzw. von einer bedroht sind und somit die Voraussetzungen nach \u00a7 79 SGB IX erf\u00fcllen. Au\u00dferdem muss vor Beginn der Ma\u00dfnahme eine Bewilligung des Kreises Schleswig-Flensburg vorliegen.<\/p><p>Durch das Angebot werden individuelle Entwicklungsgef\u00e4hrdungen f\u00fcr das Kind vermindert, welche die Entwicklung seiner Kompetenzen, seines Selbstkonzeptes oder seiner sozialen Teilhabe beeintr\u00e4chtigen k\u00f6nnen.<\/p>\t\t\t\t\t\t\t\t<\/div>\n\t\t\t\t<\/div>\n\t\t\t\t<\/div>\n\t\t<div class=\"elementor-element elementor-element-eac58e9 e-con-full e-flex e-con e-child\" data-id=\"eac58e9\" data-element_type=\"container\" data-e-type=\"container\">\n\t\t\t\t<\/div>\n\t\t\t\t<\/div>\n\t\t<div class=\"elementor-element elementor-element-10ee892 e-con-full e-flex e-con e-parent\" data-id=\"10ee892\" data-element_type=\"container\" data-e-type=\"container\" data-settings=\"{&quot;background_background&quot;:&quot;classic&quot;}\">\n\t\t<div class=\"elementor-element elementor-element-e7f54d8 e-con-full e-flex e-con e-child\" data-id=\"e7f54d8\" data-element_type=\"container\" data-e-type=\"container\" data-settings=\"{&quot;background_background&quot;:&quot;classic&quot;}\">\n\t\t\t\t<\/div>\n\t\t<div class=\"elementor-element elementor-element-bc582a9 e-con-full e-flex e-con e-child\" data-id=\"bc582a9\" data-element_type=\"container\" data-e-type=\"container\" data-settings=\"{&quot;background_background&quot;:&quot;classic&quot;}\">\n\t\t\t\t<div class=\"elementor-element elementor-element-30da0b3 elementor-widget elementor-widget-heading\" data-id=\"30da0b3\" data-element_type=\"widget\" data-e-type=\"widget\" data-widget_type=\"heading.default\">\n\t\t\t\t<div class=\"elementor-widget-container\">\n\t\t\t\t\t<h5 class=\"elementor-heading-title elementor-size-default\">Dies betrifft insbesondere Kinder, die: <\/h5>\t\t\t\t<\/div>\n\t\t\t\t<\/div>\n\t\t\t\t<div class=\"elementor-element elementor-element-3a40dcc elementor-widget elementor-widget-text-editor\" data-id=\"3a40dcc\" data-element_type=\"widget\" data-e-type=\"widget\" data-widget_type=\"text-editor.default\">\n\t\t\t\t<div class=\"elementor-widget-container\">\n\t\t\t\t\t\t\t\t\t<ul class=\"ul1\"><li class=\"li1\">sich nicht altersangemessen entwickelt haben in bspw. Grob- und Feinmotorik, Sprache, Spielverhalten, Wahrnehmung oder Sozialverhalten<\/li><li class=\"li1\">keine altersgem\u00e4\u00dfe Lebensgestaltung f\u00fchren k\u00f6nnen<\/li><li class=\"li2\">sich als anders bzw. ausgegrenzt erleben und Unterst\u00fctzung im Gruppenalltag ben\u00f6tigen.<\/li><li class=\"li2\">Selbst- bzw. fremdverletzendes Verhalten (\u00fcber einen l\u00e4ngeren Zeitraum) zeigen<\/li><li class=\"li2\">Hyperkinetische Auff\u00e4lligkeiten z.B. hohes Ma\u00df an Unaufmerksamkeit, Hyperaktivit\u00e4t oder Impulsivit\u00e4t zeigen.<\/li><li class=\"li2\">Auff\u00e4lligkeiten im Sozialverhalten zeigen, wie sehr starke und wiederkehrende Wutausbr\u00fcche, Aggressivit\u00e4t, zerst\u00f6ren von Gegenst\u00e4nden, l\u00fcgen oder stehlen<\/li><li class=\"li2\">Emotionale Auff\u00e4lligkeiten wie extreme Trennungsangst oder soziale \u00c4ngste zeigen.<\/li><li class=\"li2\">Weglauftendenzen zeigen.<\/li><\/ul><p>\u00a0<\/p><p class=\"p1\">\u201eLeichte pflegerische T\u00e4tigkeiten\u201c wie Essensbegleitung und ggf. Unterst\u00fctzung bei K\u00f6rperpflege kann bis einschlie\u00dflich Pflegegrad 2 durch die Teilhabebegleitung gew\u00e4hrleistet werden.<\/p>\t\t\t\t\t\t\t\t<\/div>\n\t\t\t\t<\/div>\n\t\t\t\t<\/div>\n\t\t<div class=\"elementor-element elementor-element-c19e388 e-con-full e-flex e-con e-child\" data-id=\"c19e388\" data-element_type=\"container\" data-e-type=\"container\">\n\t\t\t\t<\/div>\n\t\t\t\t<\/div>\n\t\t<div class=\"elementor-element elementor-element-dd753e6 e-con-full e-flex e-con e-parent\" data-id=\"dd753e6\" data-element_type=\"container\" data-e-type=\"container\" data-settings=\"{&quot;background_background&quot;:&quot;classic&quot;}\">\n\t\t<div class=\"elementor-element elementor-element-bec85d6 e-con-full e-flex e-con e-child\" data-id=\"bec85d6\" data-element_type=\"container\" data-e-type=\"container\" data-settings=\"{&quot;background_background&quot;:&quot;classic&quot;}\">\n\t\t\t\t<\/div>\n\t\t<div class=\"elementor-element elementor-element-9613e5e e-con-full e-flex e-con e-child\" data-id=\"9613e5e\" data-element_type=\"container\" data-e-type=\"container\" data-settings=\"{&quot;background_background&quot;:&quot;classic&quot;}\">\n\t\t<div class=\"elementor-element elementor-element-a2739c9 e-grid e-con-full e-con e-child\" data-id=\"a2739c9\" data-element_type=\"container\" data-e-type=\"container\">\n\t\t\t\t<div class=\"elementor-element elementor-element-b3ca05e elementor-widget elementor-widget-button\" data-id=\"b3ca05e\" data-element_type=\"widget\" data-e-type=\"widget\" data-widget_type=\"button.default\">\n\t\t\t\t<div class=\"elementor-widget-container\">\n\t\t\t\t\t\t\t\t\t<div class=\"elementor-button-wrapper\">\n\t\t\t\t\t<a class=\"elementor-button elementor-button-link elementor-size-sm\" href=\"https:\/\/johannistal.net\/hpl\/1-die-grundidee\/\">\n\t\t\t\t\t\t<span class=\"elementor-button-content-wrapper\">\n\t\t\t\t\t\t<span class=\"elementor-button-icon\">\n\t\t\t\t<svg aria-hidden=\"true\" class=\"e-font-icon-svg e-fas-arrow-left\" viewBox=\"0 0 448 512\" xmlns=\"http:\/\/www.w3.org\/2000\/svg\"><path d=\"M257.5 445.1l-22.2 22.2c-9.4 9.4-24.6 9.4-33.9 0L7 273c-9.4-9.4-9.4-24.6 0-33.9L201.4 44.7c9.4-9.4 24.6-9.4 33.9 0l22.2 22.2c9.5 9.5 9.3 25-.4 34.3L136.6 216H424c13.3 0 24 10.7 24 24v32c0 13.3-10.7 24-24 24H136.6l120.5 114.8c9.8 9.3 10 24.8.4 34.3z\"><\/path><\/svg>\t\t\t<\/span>\n\t\t\t\t\t\t\t\t\t<span class=\"elementor-button-text\">Zur\u00fcck<\/span>\n\t\t\t\t\t<\/span>\n\t\t\t\t\t<\/a>\n\t\t\t\t<\/div>\n\t\t\t\t\t\t\t\t<\/div>\n\t\t\t\t<\/div>\n\t\t\t\t<div class=\"elementor-element elementor-element-a98f1e2 elementor-align-right elementor-widget elementor-widget-button\" data-id=\"a98f1e2\" data-element_type=\"widget\" data-e-type=\"widget\" data-widget_type=\"button.default\">\n\t\t\t\t<div class=\"elementor-widget-container\">\n\t\t\t\t\t\t\t\t\t<div class=\"elementor-button-wrapper\">\n\t\t\t\t\t<a class=\"elementor-button elementor-button-link elementor-size-sm\" href=\"https:\/\/johannistal.net\/hpl\/3-zielsetzung\/\">\n\t\t\t\t\t\t<span class=\"elementor-button-content-wrapper\">\n\t\t\t\t\t\t<span class=\"elementor-button-icon\">\n\t\t\t\t<svg aria-hidden=\"true\" class=\"e-font-icon-svg e-fas-arrow-right\" viewBox=\"0 0 448 512\" xmlns=\"http:\/\/www.w3.org\/2000\/svg\"><path d=\"M190.5 66.9l22.2-22.2c9.4-9.4 24.6-9.4 33.9 0L441 239c9.4 9.4 9.4 24.6 0 33.9L246.6 467.3c-9.4 9.4-24.6 9.4-33.9 0l-22.2-22.2c-9.5-9.5-9.3-25 .4-34.3L311.4 296H24c-13.3 0-24-10.7-24-24v-32c0-13.3 10.7-24 24-24h287.4L190.9 101.2c-9.8-9.3-10-24.8-.4-34.3z\"><\/path><\/svg>\t\t\t<\/span>\n\t\t\t\t\t\t\t\t\t<span class=\"elementor-button-text\">Weiter<\/span>\n\t\t\t\t\t<\/span>\n\t\t\t\t\t<\/a>\n\t\t\t\t<\/div>\n\t\t\t\t\t\t\t\t<\/div>\n\t\t\t\t<\/div>\n\t\t\t\t<\/div>\n\t\t\t\t<\/div>\n\t\t<div class=\"elementor-element elementor-element-29a4210 e-con-full e-flex e-con e-child\" data-id=\"29a4210\" data-element_type=\"container\" data-e-type=\"container\">\n\t\t\t\t<\/div>\n\t\t\t\t<\/div>\n\t\t\t\t<\/div>\n\t\t","protected":false},"excerpt":{"rendered":"<p>2. Personenkreis Das Angebot wendet sich an noch nicht eingeschulte Kinder, die eine k\u00f6rperliche, seelische und\/ oder kognitive Beeintr\u00e4chtigung oder Entwicklungsst\u00f6rung aufweisen bzw. von einer bedroht sind und somit die Voraussetzungen nach \u00a7 79 SGB IX erf\u00fcllen. Au\u00dferdem muss vor Beginn der Ma\u00dfnahme eine Bewilligung des Kreises Schleswig-Flensburg vorliegen. Durch das Angebot werden individuelle Entwicklungsgef\u00e4hrdungen [&hellip;]<\/p>\n","protected":false},"author":1,"featured_media":0,"parent":0,"menu_order":0,"comment_status":"closed","ping_status":"closed","template":"","meta":{"footnotes":""},"class_list":["post-837","page","type-page","status-publish","hentry"],"_links":{"self":[{"href":"https:\/\/johannistal.net\/hpl\/wp-json\/wp\/v2\/pages\/837","targetHints":{"allow":["GET"]}}],"collection":[{"href":"https:\/\/johannistal.net\/hpl\/wp-json\/wp\/v2\/pages"}],"about":[{"href":"https:\/\/johannistal.net\/hpl\/wp-json\/wp\/v2\/types\/page"}],"author":[{"embeddable":true,"href":"https:\/\/johannistal.net\/hpl\/wp-json\/wp\/v2\/users\/1"}],"replies":[{"embeddable":true,"href":"https:\/\/johannistal.net\/hpl\/wp-json\/wp\/v2\/comments?post=837"}],"version-history":[{"count":76,"href":"https:\/\/johannistal.net\/hpl\/wp-json\/wp\/v2\/pages\/837\/revisions"}],"predecessor-version":[{"id":2036,"href":"https:\/\/johannistal.net\/hpl\/wp-json\/wp\/v2\/pages\/837\/revisions\/2036"}],"wp:attachment":[{"href":"https:\/\/johannistal.net\/hpl\/wp-json\/wp\/v2\/media?parent=837"}],"curies":[{"name":"wp","href":"https:\/\/api.w.org\/{rel}","templated":true}]}}