{"id":484,"date":"2024-07-29T14:05:52","date_gmt":"2024-07-29T12:05:52","guid":{"rendered":"https:\/\/johannistal.net\/hpl\/?page_id=484"},"modified":"2024-08-13T22:04:01","modified_gmt":"2024-08-13T20:04:01","slug":"1-die-grundidee","status":"publish","type":"page","link":"https:\/\/johannistal.net\/hpl\/1-die-grundidee\/","title":{"rendered":"1. Die Grundidee"},"content":{"rendered":"\t\t<div data-elementor-type=\"wp-page\" data-elementor-id=\"484\" class=\"elementor elementor-484\">\n\t\t\t\t<div class=\"elementor-element elementor-element-eebffa2 e-flex e-con-boxed e-con e-parent\" data-id=\"eebffa2\" data-element_type=\"container\" data-e-type=\"container\" data-settings=\"{&quot;background_background&quot;:&quot;video&quot;,&quot;background_video_link&quot;:&quot;https:\\\/\\\/johannistal.net\\\/hpl\\\/wp-content\\\/uploads\\\/2024\\\/07\\\/video-karten-01.mp4&quot;,&quot;background_play_on_mobile&quot;:&quot;yes&quot;}\">\n\t\t\t\t\t<div class=\"e-con-inner\">\n\t\t<div class=\"elementor-background-video-container\">\n\t\t\t\t\t\t\t<video class=\"elementor-background-video-hosted\" role=\"presentation\" autoplay muted playsinline loop><\/video>\n\t\t\t\t\t<\/div>\t\t\t<\/div>\n\t\t\t\t<\/div>\n\t\t<div class=\"elementor-element elementor-element-5019ae4 e-con-full e-flex e-con e-parent\" data-id=\"5019ae4\" data-element_type=\"container\" data-e-type=\"container\">\n\t\t<div class=\"elementor-element elementor-element-407f2cc e-con-full e-flex e-con e-child\" data-id=\"407f2cc\" data-element_type=\"container\" data-e-type=\"container\" data-settings=\"{&quot;background_background&quot;:&quot;gradient&quot;}\">\n\t\t\t\t<\/div>\n\t\t<div class=\"elementor-element elementor-element-0d2ccc3 e-con-full e-flex e-con e-child\" data-id=\"0d2ccc3\" data-element_type=\"container\" data-e-type=\"container\" data-settings=\"{&quot;background_background&quot;:&quot;gradient&quot;}\">\n\t\t\t\t<div class=\"elementor-element elementor-element-1643efc elementor-widget elementor-widget-heading\" data-id=\"1643efc\" data-element_type=\"widget\" data-e-type=\"widget\" data-widget_type=\"heading.default\">\n\t\t\t\t<div class=\"elementor-widget-container\">\n\t\t\t\t\t<h1 class=\"elementor-heading-title elementor-size-default\">1. Die Grundidee<\/h1>\t\t\t\t<\/div>\n\t\t\t\t<\/div>\n\t\t\t\t<div class=\"elementor-element elementor-element-5eb7674 elementor-widget elementor-widget-text-editor\" data-id=\"5eb7674\" data-element_type=\"widget\" data-e-type=\"widget\" data-widget_type=\"text-editor.default\">\n\t\t\t\t<div class=\"elementor-widget-container\">\n\t\t\t\t\t\t\t\t\t\u201eIch glaube daran, dass das gr\u00f6\u00dfte Geschenk, das ich von\njemanden empfangen kann, ist, gesehen, geh\u00f6rt, verstanden\nund beru\u0308hrt zu werden.\u201c (Virginia Satir)\t\t\t\t\t\t\t\t<\/div>\n\t\t\t\t<\/div>\n\t\t\t\t<\/div>\n\t\t<div class=\"elementor-element elementor-element-17afacb e-con-full e-flex e-con e-child\" data-id=\"17afacb\" data-element_type=\"container\" data-e-type=\"container\">\n\t\t\t\t<\/div>\n\t\t\t\t<\/div>\n\t\t<div class=\"elementor-element elementor-element-9545e66 e-con-full e-flex e-con e-parent\" data-id=\"9545e66\" data-element_type=\"container\" data-e-type=\"container\" data-settings=\"{&quot;background_background&quot;:&quot;classic&quot;}\">\n\t\t<div class=\"elementor-element elementor-element-8e2ff4c e-con-full e-flex e-con e-child\" data-id=\"8e2ff4c\" data-element_type=\"container\" data-e-type=\"container\" data-settings=\"{&quot;background_background&quot;:&quot;classic&quot;}\">\n\t\t\t\t<\/div>\n\t\t<div class=\"elementor-element elementor-element-6eafeae e-con-full e-flex e-con e-child\" data-id=\"6eafeae\" data-element_type=\"container\" data-e-type=\"container\" data-settings=\"{&quot;background_background&quot;:&quot;classic&quot;}\">\n\t\t\t\t<div class=\"elementor-element elementor-element-d8a8410 elementor-widget elementor-widget-text-editor\" data-id=\"d8a8410\" data-element_type=\"widget\" data-e-type=\"widget\" data-widget_type=\"text-editor.default\">\n\t\t\t\t<div class=\"elementor-widget-container\">\n\t\t\t\t\t\t\t\t\t<p>Die DJI-Kinderbetreuungsstudie zeigte, dass sich im Vorschulalter eine entscheidende Entwicklungsphase vollzieht, die ausschlaggebend f\u00fcr den weiteren Lebensweg ist, und hier aufgrund von unterschiedlicher h\u00e4uslicher F\u00f6rderung und unterschiedlichem Bedarf bereits soziale Ungleichheit besteht.<\/p><p>Um die Chancengleichheit f\u00fcr alle Kinder in einer inklusiven Gesellschaft zu gew\u00e4hrleisten, ist die Verschiedenartigkeit von Kindern als Bildungspotential zu verstehen. Kinder mit Benachteiligungen oder Behinderungen bed\u00fcrfen einer besonderen (Be-) Achtung, Zuwendung und F\u00f6rderung ihrer Entwicklungsprozesse. Kindertageseinrichtungen als multifunktionale Einrichtungen f\u00fcr Familien stehen somit vor der Herausforderung, den ver\u00e4nderten Anforderungen durch bedarfsgerechte und geb\u00fcndelte Angebote zu entsprechen.<\/p>\t\t\t\t\t\t\t\t<\/div>\n\t\t\t\t<\/div>\n\t\t\t\t<\/div>\n\t\t<div class=\"elementor-element elementor-element-5c44419 e-con-full e-flex e-con e-child\" data-id=\"5c44419\" data-element_type=\"container\" data-e-type=\"container\">\n\t\t\t\t<\/div>\n\t\t\t\t<\/div>\n\t\t<div class=\"elementor-element elementor-element-4e2157a e-con-full e-flex e-con e-parent\" data-id=\"4e2157a\" data-element_type=\"container\" data-e-type=\"container\" data-settings=\"{&quot;background_background&quot;:&quot;classic&quot;}\">\n\t\t<div class=\"elementor-element elementor-element-bf608e1 e-con-full e-flex e-con e-child\" data-id=\"bf608e1\" data-element_type=\"container\" data-e-type=\"container\" data-settings=\"{&quot;background_background&quot;:&quot;classic&quot;}\">\n\t\t\t\t<\/div>\n\t\t<div class=\"elementor-element elementor-element-a862c8b e-con-full e-flex e-con e-child\" data-id=\"a862c8b\" data-element_type=\"container\" data-e-type=\"container\" data-settings=\"{&quot;background_background&quot;:&quot;classic&quot;}\">\n\t\t\t\t<div class=\"elementor-element elementor-element-4f4acab elementor-widget elementor-widget-text-editor\" data-id=\"4f4acab\" data-element_type=\"widget\" data-e-type=\"widget\" data-widget_type=\"text-editor.default\">\n\t\t\t\t<div class=\"elementor-widget-container\">\n\t\t\t\t\t\t\t\t\t<p>Zus\u00e4tzlich zu den Angeboten der Kindertagesst\u00e4tten ben\u00f6tigen einige Kinder f\u00fcr die Entfaltung ihres Entwicklungspotentials eine individuelle F\u00f6rderung. Eine fr\u00fchzeitige und in jungen Jahren installierte F\u00f6rderung bietet die gr\u00f6\u00dften Erfolgschancen, dass das Kind im Erwachsenenalter ein m\u00f6glichst selbstbestimmtes Mitglied der Gesellschaft sein kann.<\/p><p>Dieses Angebot richtet sich an Kinder, die auf pers\u00f6nliche Belastungssituationen und -faktoren mit herausforderndem Verhalten reagieren. Dieses Verhalten kann als kreativ, originell und ungew\u00f6hnlich wahrgenommen werden. Es ist wichtig, die positive Absicht und somit m\u00f6gliche Handlungsmotive und Bed\u00fcrfnisse zu verstehen und das Spektrum der Handlungsm\u00f6glichkeiten des Kindes durch ressourcenorientierte Interventionen zu erweitern. Es ist somit unabdingbar, dem Kind mit Empathie, Achtsamkeit und Geduld zu begegnen und ein angemessenes sowie feinf\u00fchliges Verhalten durch ruhige, besonnene und reflektierte Reaktionen zu zeigen.<\/p>\t\t\t\t\t\t\t\t<\/div>\n\t\t\t\t<\/div>\n\t\t\t\t<\/div>\n\t\t<div class=\"elementor-element elementor-element-3594a7a e-con-full e-flex elementor-invisible e-con e-child\" data-id=\"3594a7a\" data-element_type=\"container\" data-e-type=\"container\" data-settings=\"{&quot;animation&quot;:&quot;fadeInRight&quot;}\">\n\t\t\t\t<div class=\"elementor-element elementor-element-05b548f elementor-widget elementor-widget-image\" data-id=\"05b548f\" data-element_type=\"widget\" data-e-type=\"widget\" data-widget_type=\"image.default\">\n\t\t\t\t<div class=\"elementor-widget-container\">\n\t\t\t\t\t\t\t\t\t\t\t\t\t\t\t<img fetchpriority=\"high\" decoding=\"async\" width=\"800\" height=\"534\" src=\"https:\/\/johannistal.net\/hpl\/wp-content\/uploads\/2024\/08\/pexels-kseniachernaya-8535230-1024x684.jpg\" class=\"attachment-large size-large wp-image-1750\" alt=\"\" srcset=\"https:\/\/johannistal.net\/hpl\/wp-content\/uploads\/2024\/08\/pexels-kseniachernaya-8535230-1024x684.jpg 1024w, https:\/\/johannistal.net\/hpl\/wp-content\/uploads\/2024\/08\/pexels-kseniachernaya-8535230-300x200.jpg 300w, https:\/\/johannistal.net\/hpl\/wp-content\/uploads\/2024\/08\/pexels-kseniachernaya-8535230-768x513.jpg 768w, https:\/\/johannistal.net\/hpl\/wp-content\/uploads\/2024\/08\/pexels-kseniachernaya-8535230.jpg 1200w\" sizes=\"(max-width: 800px) 100vw, 800px\" \/>\t\t\t\t\t\t\t\t\t\t\t\t\t\t\t<\/div>\n\t\t\t\t<\/div>\n\t\t\t\t<\/div>\n\t\t\t\t<\/div>\n\t\t<div class=\"elementor-element elementor-element-b87e0ba e-con-full e-flex e-con e-parent\" data-id=\"b87e0ba\" data-element_type=\"container\" data-e-type=\"container\" data-settings=\"{&quot;background_background&quot;:&quot;classic&quot;}\">\n\t\t<div class=\"elementor-element elementor-element-aaf0e07 e-con-full e-flex e-con e-child\" data-id=\"aaf0e07\" data-element_type=\"container\" data-e-type=\"container\" data-settings=\"{&quot;background_background&quot;:&quot;classic&quot;}\">\n\t\t\t\t<\/div>\n\t\t<div class=\"elementor-element elementor-element-86ca972 e-con-full e-flex e-con e-child\" data-id=\"86ca972\" data-element_type=\"container\" data-e-type=\"container\" data-settings=\"{&quot;background_background&quot;:&quot;classic&quot;}\">\n\t\t\t\t<div class=\"elementor-element elementor-element-fe3b07a elementor-widget elementor-widget-text-editor\" data-id=\"fe3b07a\" data-element_type=\"widget\" data-e-type=\"widget\" data-widget_type=\"text-editor.default\">\n\t\t\t\t<div class=\"elementor-widget-container\">\n\t\t\t\t\t\t\t\t\t<p>Heilp\u00e4dagogik beinhaltet den ethischen Anspruch, jeden in seinem Sinn, seiner Einmaligkeit und seinem sozialen Status zu achten und zu f\u00f6rdern. Sie orientiert sich am ganzheitlichen Menschenbild. Heilp\u00e4dagogisches Handeln wird notwendig, wenn medizinisches oder therapeutisches Handeln nicht ausreichen, um die Lebensanforderungen ad\u00e4quat zu bew\u00e4ltigen. Es geht darum, die individuellen F\u00e4higkeiten und Biografien zu ber\u00fccksichtigen sowie den Blick auf die ganze Pers\u00f6nlichkeit des Kindes zu richten.<\/p><p>Das zu sehen was dem Kind und dessen Umfeld m\u00f6glich ist, bietet die gro\u00dfe Chance, dessen F\u00e4higkeiten und Potentiale zu nutzen und dessen Resilienz zu erh\u00f6hen. Dies erm\u00f6glicht Entwicklungsprozesse anzuregen, um die Teilhabe am Kita-Alltag zu erh\u00f6hen.<\/p><p>Der Grundgedanke des Leistungsangebots ist es, ein bedarfsgerechtes und abgestimmtes Komplexangebot aus heilp\u00e4dagogischer F\u00f6rderung, Fachbegleitung und Teilhabebegleitung im KiTa-Alltag anzubieten. Diese Komplexleistung erfolgt immer zus\u00e4tzlich und unabh\u00e4ngig von den Leistungen der KiTa.<\/p><p>Die Basis dieser Leistung bildet eine heilp\u00e4dagogische F\u00f6rderung des jeweiligen Kindes in der KiTa. Dies wird durch eine Teilhabebegleitung im KiTa-Alltag erg\u00e4nzt. Die Teilhabebegleitung befindet sich mit der heilp\u00e4dagogischen Fachkraft im st\u00e4ndigen Austausch \u00fcber das Verhalten des Kindes. Die heilp\u00e4dagogische Fachkraft plant und leitet konkrete F\u00f6rderma\u00dfnahmen ein und bef\u00e4higt die Teilhabebegleitung unter Ber\u00fccksichtigung der spezifischen heilp\u00e4dagogischen F\u00f6rderma\u00dfnahmen angemessen auf das Verhalten des Kindes zu reagieren.<\/p><p>M\u00f6glichkeiten f\u00fcr die Teilhabebegleitung bestehen darin, die Not und Fr\u00fchwarnzeichen zu erkennen und rechtzeitig in Absprache mit der heilp\u00e4dagogischen Fachkraft angemessen zu reagieren, um Sicherheit zu bieten und gemeinsam mit dem Kind individuell erarbeitete L\u00f6sungsstrategien umzusetzen. Dies geschieht eingebettet in den Kita-Alltag.<\/p>\t\t\t\t\t\t\t\t<\/div>\n\t\t\t\t<\/div>\n\t\t\t\t<\/div>\n\t\t<div class=\"elementor-element elementor-element-b55aed9 e-con-full e-flex e-con e-child\" data-id=\"b55aed9\" data-element_type=\"container\" data-e-type=\"container\">\n\t\t\t\t<\/div>\n\t\t\t\t<\/div>\n\t\t<div class=\"elementor-element elementor-element-08bbfdc e-con-full e-flex e-con e-parent\" data-id=\"08bbfdc\" data-element_type=\"container\" data-e-type=\"container\" data-settings=\"{&quot;background_background&quot;:&quot;gradient&quot;}\">\n\t\t<div class=\"elementor-element elementor-element-e6a8406 e-con-full e-flex elementor-invisible e-con e-child\" data-id=\"e6a8406\" data-element_type=\"container\" data-e-type=\"container\" data-settings=\"{&quot;animation&quot;:&quot;fadeInLeft&quot;}\">\n\t\t\t\t<\/div>\n\t\t<div class=\"elementor-element elementor-element-e3b95a1 e-con-full e-flex e-con e-child\" data-id=\"e3b95a1\" data-element_type=\"container\" data-e-type=\"container\" data-settings=\"{&quot;background_background&quot;:&quot;classic&quot;}\">\n\t\t\t\t<div class=\"elementor-element elementor-element-a81c455 elementor-widget__width-initial elementor-widget-tablet__width-initial elementor-invisible elementor-widget elementor-widget-image\" data-id=\"a81c455\" data-element_type=\"widget\" data-e-type=\"widget\" data-settings=\"{&quot;_animation&quot;:&quot;fadeInUp&quot;}\" data-widget_type=\"image.default\">\n\t\t\t\t<div class=\"elementor-widget-container\">\n\t\t\t\t\t\t\t\t\t\t\t\t\t\t\t<img decoding=\"async\" width=\"676\" height=\"1000\" src=\"https:\/\/johannistal.net\/hpl\/wp-content\/uploads\/2024\/08\/pexels-artempodrez-6941672.jpg\" class=\"attachment-large size-large wp-image-1387\" alt=\"\" srcset=\"https:\/\/johannistal.net\/hpl\/wp-content\/uploads\/2024\/08\/pexels-artempodrez-6941672.jpg 676w, https:\/\/johannistal.net\/hpl\/wp-content\/uploads\/2024\/08\/pexels-artempodrez-6941672-203x300.jpg 203w\" sizes=\"(max-width: 676px) 100vw, 676px\" \/>\t\t\t\t\t\t\t\t\t\t\t\t\t\t\t<\/div>\n\t\t\t\t<\/div>\n\t\t\t\t<\/div>\n\t\t<div class=\"elementor-element elementor-element-f1a5517 e-con-full e-flex e-con e-child\" data-id=\"f1a5517\" data-element_type=\"container\" data-e-type=\"container\" data-settings=\"{&quot;background_background&quot;:&quot;classic&quot;}\">\n\t\t\t\t<div class=\"elementor-element elementor-element-dfa4170 elementor-widget elementor-widget-text-editor\" data-id=\"dfa4170\" data-element_type=\"widget\" data-e-type=\"widget\" data-widget_type=\"text-editor.default\">\n\t\t\t\t<div class=\"elementor-widget-container\">\n\t\t\t\t\t\t\t\t\t<p>Es geht darum, dem Kind zu vermitteln, dass gesehen wird, was es zu tun vermag und Methoden gew\u00e4hlt werden, die sich auf die Kompetenzen und F\u00e4higkeiten konzentrieren und das Zutrauen in die eigenen F\u00e4higkeiten st\u00e4rken. Dabei gilt es, das Kind individuell zu betrachten, sein Verhalten im Kontext wahrzunehmen und die Sinnhaftigkeit dahinter anzuerkennen.\u00a0<\/p>\t\t\t\t\t\t\t\t<\/div>\n\t\t\t\t<\/div>\n\t\t\t\t<\/div>\n\t\t<div class=\"elementor-element elementor-element-119a047 e-con-full e-flex e-con e-child\" data-id=\"119a047\" data-element_type=\"container\" data-e-type=\"container\" data-settings=\"{&quot;background_background&quot;:&quot;classic&quot;}\">\n\t\t\t\t<\/div>\n\t\t\t\t<\/div>\n\t\t<div class=\"elementor-element elementor-element-7278fd3 e-con-full e-flex e-con e-parent\" data-id=\"7278fd3\" data-element_type=\"container\" data-e-type=\"container\" data-settings=\"{&quot;background_background&quot;:&quot;classic&quot;}\">\n\t\t<div class=\"elementor-element elementor-element-4212e21 e-con-full e-flex e-con e-child\" data-id=\"4212e21\" data-element_type=\"container\" data-e-type=\"container\" data-settings=\"{&quot;background_background&quot;:&quot;classic&quot;}\">\n\t\t\t\t<\/div>\n\t\t<div class=\"elementor-element elementor-element-a596752 e-con-full e-flex e-con e-child\" data-id=\"a596752\" data-element_type=\"container\" data-e-type=\"container\" data-settings=\"{&quot;background_background&quot;:&quot;classic&quot;}\">\n\t\t\t\t<div class=\"elementor-element elementor-element-93298ee elementor-widget elementor-widget-text-editor\" data-id=\"93298ee\" data-element_type=\"widget\" data-e-type=\"widget\" data-widget_type=\"text-editor.default\">\n\t\t\t\t<div class=\"elementor-widget-container\">\n\t\t\t\t\t\t\t\t\t<p>Die heilp\u00e4dagogische Blickweise unterst\u00fctzt dabei Leitfragen wie \u201eWelche Funktion hat das Verhalten?\u201c bzw. \u201eWelche Botschaft steht hinter dem Verhalten?\u201c\u00a0 sowie \u201eWann taucht dieses Verhalten nicht auf?\u201c zu stellen und hypothesengeleitete Angebote zu erstellen. Eine wertfreie Beobachtung des Kindes in seiner Umwelt und ein positiver Blick bewahrt vor Defizitorientierung und f\u00fchrt zur Haltungsver\u00e4nderungen, welche sich wiederum positiv auf die Sicht aller Beteiligten auf das Kind auswirkt.<\/p><p>Das Leistungsangebot strebt an, dies durch die enge Zusammenarbeit von Teilhabebegleitungen und heilp\u00e4dagogischen Fachkr\u00e4ften (HP) f\u00fcr die Kinder zu gew\u00e4hrleisten. Durch die fachlich angeleitete, koh\u00e4rente und wertsch\u00e4tzende Begleitung durch die Teilhabebegleitungen vor Ort entsteht f\u00fcr die Kinder und die Erzieher:innen in den Kitas sowie f\u00fcr die Familien ein gro\u00dfer Mehrwert. Jedes betroffene Kind kann so auch in Abwesenheit der heilp\u00e4dagogischen Fachkraft individuell und ganzheitlich im Alltag mit dem heilp\u00e4dagogischen Blickwinkel begleitet werden. Au\u00dferdem steht der heilp\u00e4dagogischen Fachkraft eine kindbezogene Austauschperson aus Alltagssituationen in der KiTa f\u00fcr die F\u00f6rderplanung und -evaluation zur Verf\u00fcgung.<\/p><p>Diese Konzeption stellt unser Komplexangebot aus heilp\u00e4dagogischer F\u00f6rderung mit Teilhabebegleitung, unsere Ziele und die dazugeh\u00f6rigen Methoden und Aufgaben vor.<\/p>\t\t\t\t\t\t\t\t<\/div>\n\t\t\t\t<\/div>\n\t\t\t\t<\/div>\n\t\t<div class=\"elementor-element elementor-element-b901271 e-con-full e-flex e-con e-child\" data-id=\"b901271\" data-element_type=\"container\" data-e-type=\"container\">\n\t\t\t\t<\/div>\n\t\t\t\t<\/div>\n\t\t<div class=\"elementor-element elementor-element-dd753e6 e-con-full e-flex e-con e-parent\" data-id=\"dd753e6\" data-element_type=\"container\" data-e-type=\"container\" data-settings=\"{&quot;background_background&quot;:&quot;classic&quot;}\">\n\t\t<div class=\"elementor-element elementor-element-bec85d6 e-con-full e-flex e-con e-child\" data-id=\"bec85d6\" data-element_type=\"container\" data-e-type=\"container\" data-settings=\"{&quot;background_background&quot;:&quot;classic&quot;}\">\n\t\t\t\t<\/div>\n\t\t<div class=\"elementor-element elementor-element-9613e5e e-con-full e-flex e-con e-child\" data-id=\"9613e5e\" data-element_type=\"container\" data-e-type=\"container\" data-settings=\"{&quot;background_background&quot;:&quot;classic&quot;}\">\n\t\t<div class=\"elementor-element elementor-element-a2739c9 e-grid e-con-full e-con e-child\" data-id=\"a2739c9\" data-element_type=\"container\" data-e-type=\"container\">\n\t\t\t\t<div class=\"elementor-element elementor-element-a98f1e2 elementor-align-right elementor-widget elementor-widget-button\" data-id=\"a98f1e2\" data-element_type=\"widget\" data-e-type=\"widget\" data-widget_type=\"button.default\">\n\t\t\t\t<div class=\"elementor-widget-container\">\n\t\t\t\t\t\t\t\t\t<div class=\"elementor-button-wrapper\">\n\t\t\t\t\t<a class=\"elementor-button elementor-button-link elementor-size-sm\" href=\"https:\/\/johannistal.net\/hpl\/2-personenkreis\/\">\n\t\t\t\t\t\t<span class=\"elementor-button-content-wrapper\">\n\t\t\t\t\t\t<span class=\"elementor-button-icon\">\n\t\t\t\t<svg aria-hidden=\"true\" class=\"e-font-icon-svg e-fas-arrow-right\" viewBox=\"0 0 448 512\" xmlns=\"http:\/\/www.w3.org\/2000\/svg\"><path d=\"M190.5 66.9l22.2-22.2c9.4-9.4 24.6-9.4 33.9 0L441 239c9.4 9.4 9.4 24.6 0 33.9L246.6 467.3c-9.4 9.4-24.6 9.4-33.9 0l-22.2-22.2c-9.5-9.5-9.3-25 .4-34.3L311.4 296H24c-13.3 0-24-10.7-24-24v-32c0-13.3 10.7-24 24-24h287.4L190.9 101.2c-9.8-9.3-10-24.8-.4-34.3z\"><\/path><\/svg>\t\t\t<\/span>\n\t\t\t\t\t\t\t\t\t<span class=\"elementor-button-text\">Weiter<\/span>\n\t\t\t\t\t<\/span>\n\t\t\t\t\t<\/a>\n\t\t\t\t<\/div>\n\t\t\t\t\t\t\t\t<\/div>\n\t\t\t\t<\/div>\n\t\t\t\t<\/div>\n\t\t\t\t<\/div>\n\t\t<div class=\"elementor-element elementor-element-29a4210 e-con-full e-flex e-con e-child\" data-id=\"29a4210\" data-element_type=\"container\" data-e-type=\"container\">\n\t\t\t\t<\/div>\n\t\t\t\t<\/div>\n\t\t\t\t<\/div>\n\t\t","protected":false},"excerpt":{"rendered":"<p>1. Die Grundidee \u201eIch glaube daran, dass das gr\u00f6\u00dfte Geschenk, das ich von jemanden empfangen kann, ist, gesehen, geh\u00f6rt, verstanden und beru\u0308hrt zu werden.\u201c (Virginia Satir) Die DJI-Kinderbetreuungsstudie zeigte, dass sich im Vorschulalter eine entscheidende Entwicklungsphase vollzieht, die ausschlaggebend f\u00fcr den weiteren Lebensweg ist, und hier aufgrund von unterschiedlicher h\u00e4uslicher F\u00f6rderung und unterschiedlichem Bedarf bereits [&hellip;]<\/p>\n","protected":false},"author":1,"featured_media":0,"parent":0,"menu_order":0,"comment_status":"closed","ping_status":"closed","template":"","meta":{"footnotes":""},"class_list":["post-484","page","type-page","status-publish","hentry"],"_links":{"self":[{"href":"https:\/\/johannistal.net\/hpl\/wp-json\/wp\/v2\/pages\/484","targetHints":{"allow":["GET"]}}],"collection":[{"href":"https:\/\/johannistal.net\/hpl\/wp-json\/wp\/v2\/pages"}],"about":[{"href":"https:\/\/johannistal.net\/hpl\/wp-json\/wp\/v2\/types\/page"}],"author":[{"embeddable":true,"href":"https:\/\/johannistal.net\/hpl\/wp-json\/wp\/v2\/users\/1"}],"replies":[{"embeddable":true,"href":"https:\/\/johannistal.net\/hpl\/wp-json\/wp\/v2\/comments?post=484"}],"version-history":[{"count":607,"href":"https:\/\/johannistal.net\/hpl\/wp-json\/wp\/v2\/pages\/484\/revisions"}],"predecessor-version":[{"id":2033,"href":"https:\/\/johannistal.net\/hpl\/wp-json\/wp\/v2\/pages\/484\/revisions\/2033"}],"wp:attachment":[{"href":"https:\/\/johannistal.net\/hpl\/wp-json\/wp\/v2\/media?parent=484"}],"curies":[{"name":"wp","href":"https:\/\/api.w.org\/{rel}","templated":true}]}}