{"id":1669,"date":"2024-08-07T09:52:14","date_gmt":"2024-08-07T07:52:14","guid":{"rendered":"https:\/\/johannistal.net\/hpl\/?page_id=1669"},"modified":"2026-03-27T10:26:27","modified_gmt":"2026-03-27T09:26:27","slug":"jobs","status":"publish","type":"page","link":"https:\/\/johannistal.net\/hpl\/jobs\/","title":{"rendered":"Jobs"},"content":{"rendered":"\t\t<div data-elementor-type=\"wp-page\" data-elementor-id=\"1669\" class=\"elementor elementor-1669\">\n\t\t\t\t<div class=\"elementor-element elementor-element-7ee0952 e-flex e-con-boxed e-con e-parent\" data-id=\"7ee0952\" data-element_type=\"container\" data-e-type=\"container\" data-settings=\"{&quot;background_background&quot;:&quot;classic&quot;}\">\n\t\t\t\t\t<div class=\"e-con-inner\">\n\t\t\t\t\t<\/div>\n\t\t\t\t<\/div>\n\t\t<div class=\"elementor-element elementor-element-63982d9 e-con-full e-flex e-con e-parent\" data-id=\"63982d9\" data-element_type=\"container\" data-e-type=\"container\">\n\t\t<div class=\"elementor-element elementor-element-1633ecb e-con-full e-flex e-con e-child\" data-id=\"1633ecb\" data-element_type=\"container\" data-e-type=\"container\" data-settings=\"{&quot;background_background&quot;:&quot;classic&quot;}\">\n\t\t\t\t<\/div>\n\t\t<div class=\"elementor-element elementor-element-6e6b003 e-con-full e-flex e-con e-child\" data-id=\"6e6b003\" data-element_type=\"container\" data-e-type=\"container\" data-settings=\"{&quot;background_background&quot;:&quot;classic&quot;}\">\n\t\t\t\t<div class=\"elementor-element elementor-element-bb385ee elementor-widget elementor-widget-heading\" data-id=\"bb385ee\" data-element_type=\"widget\" data-e-type=\"widget\" data-widget_type=\"heading.default\">\n\t\t\t\t<div class=\"elementor-widget-container\">\n\t\t\t\t\t<h1 class=\"elementor-heading-title elementor-size-default\">Stellenangebote<\/h1>\t\t\t\t<\/div>\n\t\t\t\t<\/div>\n\t\t\t\t<\/div>\n\t\t<div class=\"elementor-element elementor-element-ed1e5de e-con-full e-flex e-con e-child\" data-id=\"ed1e5de\" data-element_type=\"container\" data-e-type=\"container\">\n\t\t\t\t<\/div>\n\t\t\t\t<\/div>\n\t\t<div class=\"elementor-element elementor-element-416cdd5 e-con-full e-flex e-con e-parent\" data-id=\"416cdd5\" data-element_type=\"container\" data-e-type=\"container\" data-settings=\"{&quot;background_background&quot;:&quot;classic&quot;}\">\n\t\t<div class=\"elementor-element elementor-element-cd02c54 e-con-full e-flex e-con e-child\" data-id=\"cd02c54\" data-element_type=\"container\" data-e-type=\"container\" data-settings=\"{&quot;background_background&quot;:&quot;classic&quot;}\">\n\t\t\t\t<\/div>\n\t\t<div class=\"elementor-element elementor-element-cda5d88 e-con-full e-flex e-con e-child\" data-id=\"cda5d88\" data-element_type=\"container\" data-e-type=\"container\" data-settings=\"{&quot;background_background&quot;:&quot;classic&quot;}\">\n\t\t\t\t<div class=\"elementor-element elementor-element-801265d elementor-widget elementor-widget-html\" data-id=\"801265d\" data-element_type=\"widget\" data-e-type=\"widget\" data-widget_type=\"html.default\">\n\t\t\t\t<div class=\"elementor-widget-container\">\n\t\t\t\t\t<script>\njQuery(document).ready(function($) {\nvar delay = 100; setTimeout(function() {\n$('.elementor-tab-title').removeClass('elementor-active');\n $('.elementor-tab-content').css('display', 'none'); }, delay);\n});\n<\/script>\t\t\t\t<\/div>\n\t\t\t\t<\/div>\n\t\t\t\t<div class=\"elementor-element elementor-element-fd8ad96 elementor-widget elementor-widget-accordion\" data-id=\"fd8ad96\" data-element_type=\"widget\" data-e-type=\"widget\" data-widget_type=\"accordion.default\">\n\t\t\t\t<div class=\"elementor-widget-container\">\n\t\t\t\t\t\t\t<div class=\"elementor-accordion\">\n\t\t\t\t\t\t\t<div class=\"elementor-accordion-item\">\n\t\t\t\t\t<div id=\"elementor-tab-title-2651\" class=\"elementor-tab-title\" data-tab=\"1\" role=\"button\" aria-controls=\"elementor-tab-content-2651\" aria-expanded=\"false\">\n\t\t\t\t\t\t\t\t\t\t\t\t\t<span class=\"elementor-accordion-icon elementor-accordion-icon-right\" aria-hidden=\"true\">\n\t\t\t\t\t\t\t\t\t\t\t\t\t\t\t<span class=\"elementor-accordion-icon-closed\"><svg class=\"e-font-icon-svg e-fas-plus\" viewBox=\"0 0 448 512\" xmlns=\"http:\/\/www.w3.org\/2000\/svg\"><path d=\"M416 208H272V64c0-17.67-14.33-32-32-32h-32c-17.67 0-32 14.33-32 32v144H32c-17.67 0-32 14.33-32 32v32c0 17.67 14.33 32 32 32h144v144c0 17.67 14.33 32 32 32h32c17.67 0 32-14.33 32-32V304h144c17.67 0 32-14.33 32-32v-32c0-17.67-14.33-32-32-32z\"><\/path><\/svg><\/span>\n\t\t\t\t\t\t\t\t<span class=\"elementor-accordion-icon-opened\"><svg class=\"e-font-icon-svg e-fas-minus\" viewBox=\"0 0 448 512\" xmlns=\"http:\/\/www.w3.org\/2000\/svg\"><path d=\"M416 208H32c-17.67 0-32 14.33-32 32v32c0 17.67 14.33 32 32 32h384c17.67 0 32-14.33 32-32v-32c0-17.67-14.33-32-32-32z\"><\/path><\/svg><\/span>\n\t\t\t\t\t\t\t\t\t\t\t\t\t\t<\/span>\n\t\t\t\t\t\t\t\t\t\t\t\t<a class=\"elementor-accordion-title\" tabindex=\"0\">Ergotherapeut*innen<\/a>\n\t\t\t\t\t<\/div>\n\t\t\t\t\t<div id=\"elementor-tab-content-2651\" class=\"elementor-tab-content elementor-clearfix\" data-tab=\"1\" role=\"region\" aria-labelledby=\"elementor-tab-title-2651\"><p>Wir suchen f\u00fcr Kitas im Raum Schleswig und Kropp Ergotherapeut*innen (m\/w\/d) als heilp\u00e4dagogische Fachkr\u00e4fte, die besondere Kinder mit Einf\u00fchlungsverm\u00f6gen und Fachkompetenz ambulant begleiten und f\u00f6rdern m\u00f6chten.<br \/>Gemeinsam mit einem engagierten Team von Teilhabebegleiter:innen sorgst du daf\u00fcr, dass jedes Kind die bestm\u00f6gliche Unterst\u00fctzung und F\u00f6rderung erh\u00e4lt.<\/p><p>Du bist Ergotherapeut*in und denkst, dass dieser Job genau zu dir passt? Dann bewirb dich jetzt! Wir freuen uns auf dich.\u00a0<\/p><p>Bitte sende deine Bewerbung an:<br \/>E-Mail: <a href=\"mailto:hpl@johannistal.net\">hpl@johannistal.net<\/a><\/p><p><strong>Hast du weitere Fragen?<\/strong><br \/>Telefon: <a href=\"tel:+4946219951400\">04621 9951400<\/a><\/p><\/div>\n\t\t\t\t<\/div>\n\t\t\t\t\t\t\t<div class=\"elementor-accordion-item\">\n\t\t\t\t\t<div id=\"elementor-tab-title-2652\" class=\"elementor-tab-title\" data-tab=\"2\" role=\"button\" aria-controls=\"elementor-tab-content-2652\" aria-expanded=\"false\">\n\t\t\t\t\t\t\t\t\t\t\t\t\t<span class=\"elementor-accordion-icon elementor-accordion-icon-right\" aria-hidden=\"true\">\n\t\t\t\t\t\t\t\t\t\t\t\t\t\t\t<span class=\"elementor-accordion-icon-closed\"><svg class=\"e-font-icon-svg e-fas-plus\" viewBox=\"0 0 448 512\" xmlns=\"http:\/\/www.w3.org\/2000\/svg\"><path d=\"M416 208H272V64c0-17.67-14.33-32-32-32h-32c-17.67 0-32 14.33-32 32v144H32c-17.67 0-32 14.33-32 32v32c0 17.67 14.33 32 32 32h144v144c0 17.67 14.33 32 32 32h32c17.67 0 32-14.33 32-32V304h144c17.67 0 32-14.33 32-32v-32c0-17.67-14.33-32-32-32z\"><\/path><\/svg><\/span>\n\t\t\t\t\t\t\t\t<span class=\"elementor-accordion-icon-opened\"><svg class=\"e-font-icon-svg e-fas-minus\" viewBox=\"0 0 448 512\" xmlns=\"http:\/\/www.w3.org\/2000\/svg\"><path d=\"M416 208H32c-17.67 0-32 14.33-32 32v32c0 17.67 14.33 32 32 32h384c17.67 0 32-14.33 32-32v-32c0-17.67-14.33-32-32-32z\"><\/path><\/svg><\/span>\n\t\t\t\t\t\t\t\t\t\t\t\t\t\t<\/span>\n\t\t\t\t\t\t\t\t\t\t\t\t<a class=\"elementor-accordion-title\" tabindex=\"0\">Heilp\u00e4dagogische Fachkraft<\/a>\n\t\t\t\t\t<\/div>\n\t\t\t\t\t<div id=\"elementor-tab-content-2652\" class=\"elementor-tab-content elementor-clearfix\" data-tab=\"2\" role=\"region\" aria-labelledby=\"elementor-tab-title-2652\"><p>Wir m\u00f6chten mit unserem Modellprojekt Kinder mit besonderen Bed\u00fcrfnissen bestm\u00f6glich schon in der KiTa f\u00f6rdern. Dazu brauchen wir tolle heilp\u00e4dagogische Fachkr\u00e4fte die gemeinsam mit ihrem Team aus motivierten Teilhabebegleiter:innen, eine bestm\u00f6gliche F\u00f6rderung und Begleitung f\u00fcr die noch nicht eingeschulten Kinder planen und durchf\u00fchren.<\/p><p><strong><br \/>Deine Aufgaben:<\/strong><\/p><ul><li>Anamnesegespr\u00e4che und Entwicklungsdiagnostik<\/li><li>Selbstst\u00e4ndige Planung und Durchf\u00fchrung Individueller F\u00f6rder- und Entwicklungsangebote<\/li><li>Anleitung und Beratung der jeweiligen Teilhabebegleitungen als Ansprechpartner sowie das Anleiten abgestimmter heilp\u00e4dagogischer F\u00f6rderma\u00dfnahmen<\/li><li>Kooperation im kindlichen Sozialraum wie Mitarbeiter*innen der jeweiligen KiTa, \u00c4rzt*innen und Therapeut*innen<\/li><li>Austausch und Zusammenarbeit mit den Personensorge- und ggf. Erziehungsberechtigen<\/li><li>Vermittlung von Verst\u00e4ndniskonzepten zur Lebenssituation des Kindes<\/li><li>Entwicklungsdokumentation\/ Berichtswesen<\/li><\/ul><p><strong><br \/>Du brauchst daf\u00fcr:<\/strong><\/p><ul><li>Eine abgeschlossene Ausbildung mit staatlicher Anerkennung an einer Fachschule oder ein abgeschlossenes Studium an einer Fachhochschule (Heilp\u00e4dagogik, Ergotherapie, Logop\u00e4die)<\/li><li>Ein Herz f\u00fcr Kinder<\/li><li>Humor<\/li><li>Ein Blick f\u00fcr bunte und versteckte Ressourcen<\/li><li>Die \u00dcberzeugung, dass es viel sinnvoller ist, ein Kind m\u00f6glichst fr\u00fch zu f\u00f6rdern, anstatt der \u201eMusik\u201c ein Leben lang hinterherzulaufen<\/li><li>Ausgepr\u00e4gte kommunikative F\u00e4higkeiten<\/li><li>Ein Herz f\u00fcr individuelle Verhaltensweisen und Empathie<\/li><li>Gering ausgepr\u00e4gte Lust auf Hierarchien<\/li><li>Einen vollst\u00e4ndigen Impfschutz gegen Masern und Rassismus<\/li><li>Einen Autof\u00fchrerschein<\/li><li>Noch mehr Humor \ud83d\ude0a<\/li><li>Lust auf eine wirklich sinnvolle Arbeit<\/li><\/ul><p><strong><br \/>Wir bieten:<\/strong><\/p><ul><li>Eine unbefristete Voll- oder Teilzeitstelle<\/li><li>Ein Team aus netten und aufgeschlossenen Teilhabegleiter*innen<\/li><li>Ein professionelles Arbeitsumfeld trotz Humor<\/li><li>Bezahlung nach TV\u00f6D-SuE<\/li><li>Viel Urlaub<\/li><li>Agile bzw. evolution\u00e4re Arbeitsmethoden<\/li><li>Fortbildungen und Supervision<\/li><li>Betriebliche Altersvorsorge<\/li><li>Eine zus\u00e4tzliche Krankenversicherung<\/li><li>Ein Unternehmen, in dem alle Kolleg:innen eine ausgepr\u00e4gte Abneigung gegen lieblose soziale Arbeit haben<\/li><\/ul><p>Bitte sende deine Bewerbung an:<br \/>E-Mail: <a href=\"mailto:hpl@johannistal.net\">hpl@johannistal.net<\/a><\/p><p><strong>Hast du weitere Fragen?<\/strong><br \/>Telefon: <a href=\"tel:+4946219951400\">04621 9951400<\/a><\/p><\/div>\n\t\t\t\t<\/div>\n\t\t\t\t\t\t\t<div class=\"elementor-accordion-item\">\n\t\t\t\t\t<div id=\"elementor-tab-title-2653\" class=\"elementor-tab-title\" data-tab=\"3\" role=\"button\" aria-controls=\"elementor-tab-content-2653\" aria-expanded=\"false\">\n\t\t\t\t\t\t\t\t\t\t\t\t\t<span class=\"elementor-accordion-icon elementor-accordion-icon-right\" aria-hidden=\"true\">\n\t\t\t\t\t\t\t\t\t\t\t\t\t\t\t<span class=\"elementor-accordion-icon-closed\"><svg class=\"e-font-icon-svg e-fas-plus\" viewBox=\"0 0 448 512\" xmlns=\"http:\/\/www.w3.org\/2000\/svg\"><path d=\"M416 208H272V64c0-17.67-14.33-32-32-32h-32c-17.67 0-32 14.33-32 32v144H32c-17.67 0-32 14.33-32 32v32c0 17.67 14.33 32 32 32h144v144c0 17.67 14.33 32 32 32h32c17.67 0 32-14.33 32-32V304h144c17.67 0 32-14.33 32-32v-32c0-17.67-14.33-32-32-32z\"><\/path><\/svg><\/span>\n\t\t\t\t\t\t\t\t<span class=\"elementor-accordion-icon-opened\"><svg class=\"e-font-icon-svg e-fas-minus\" viewBox=\"0 0 448 512\" xmlns=\"http:\/\/www.w3.org\/2000\/svg\"><path d=\"M416 208H32c-17.67 0-32 14.33-32 32v32c0 17.67 14.33 32 32 32h384c17.67 0 32-14.33 32-32v-32c0-17.67-14.33-32-32-32z\"><\/path><\/svg><\/span>\n\t\t\t\t\t\t\t\t\t\t\t\t\t\t<\/span>\n\t\t\t\t\t\t\t\t\t\t\t\t<a class=\"elementor-accordion-title\" tabindex=\"0\">Teilhabebegleiter*innen<\/a>\n\t\t\t\t\t<\/div>\n\t\t\t\t\t<div id=\"elementor-tab-content-2653\" class=\"elementor-tab-content elementor-clearfix\" data-tab=\"3\" role=\"region\" aria-labelledby=\"elementor-tab-title-2653\"><p>Wir m\u00f6chten mit unserem Modellprojekt Kinder mit besonderen Bed\u00fcrfnissen bestm\u00f6glich schon in der KiTa f\u00f6rdern. Dazu brauchen wir neben tollen Fachkr\u00e4ften auch tolle Teilhabebegleiter:innen, die das Kind in der KiTa t\u00e4glich begleiten und in Zusammenarbeit mit der heilp\u00e4dagogischen Fachkraft die besten F\u00f6rderma\u00dfnahmen f\u00fcr das Kind planen und durchf\u00fchren.<\/p><p><strong><br \/>Du brauchst daf\u00fcr:<\/strong><\/p><ul><li>Ein Herz f\u00fcr Kinder<\/li><li>Humor<\/li><li>Gro\u00dfe Lust, heilp\u00e4dagogische Methoden zu lernen und anzuwenden<\/li><li>Die \u00dcberzeugung, dass es viel sinnvoller ist, ein Kind m\u00f6glichst fr\u00fch zu f\u00f6rdern, anstatt der \u201eMusik\u201c ein Leben lang hinterherzulaufen<\/li><li>Empathie<\/li><li>Ausgepr\u00e4gte kommunikative F\u00e4higkeiten<\/li><li>Eine gute Beobachtungsgabe<\/li><li>Gering ausgepr\u00e4gte Lust auf Hierarchien<\/li><li>Einen vollst\u00e4ndigen Impfschutz gegen Masern und Rassismus<\/li><li>Zeit am Vormittag<\/li><li>Noch mehr Humor \ud83d\ude0a<\/li><li>Lust auf eine wirklich sinnvolle Arbeit<\/li><\/ul><p><strong><br \/>Wir bieten:<\/strong><\/p><ul><li>Eine 23-Stunden Woche<\/li><li>Eine nette und kompetente Fachkraft f\u00fcr den st\u00e4ndigen R\u00fcckhalt im Arbeitsalltag<\/li><li>Heilp\u00e4dagogisches Wissen und gro\u00dfe Lust, dieses mit Dir zu teilen<\/li><li>Einen bestm\u00f6glichen Einstieg in den KiTa-Alltag durch die Qualifikation zum\/ zur Kitahelfer*in als Fernkurs<\/li><li>Viel Gesellschaft bei der Arbeit \ud83d\ude09<\/li><li>Ein professionelles Arbeitsumfeld trotz Humor<\/li><li>Bummelig 20 \u20ac pro Stunde (TV\u00f6D S3, Stufe 3)<\/li><li>Viel Urlaub<\/li><li>Agile bzw. evolution\u00e4re Arbeitsmethoden<\/li><li>Fortbildungen und Supervision<\/li><li>Betriebliche Altersvorsorge<\/li><li>Eine zus\u00e4tzliche Krankenversicherung<\/li><li>Ein Unternehmen, in dem alle Kolleg:innen eine ausgepr\u00e4gte Abneigung gegen lieblose soziale Arbeit haben<\/li><\/ul><p>Bitte sende deine Bewerbung an:<br \/>E-Mail: <a href=\"mailto:hpl@johannistal.net\">hpl@johannistal.net<\/a><\/p><p><strong>Hast du weitere Fragen?<\/strong><br \/>Telefon: <a href=\"tel:+4946219951400\">04621 9951400<\/a><\/p><\/div>\n\t\t\t\t<\/div>\n\t\t\t\t\t\t\t\t<\/div>\n\t\t\t\t\t\t<\/div>\n\t\t\t\t<\/div>\n\t\t\t\t<\/div>\n\t\t<div class=\"elementor-element elementor-element-c9a5afc e-con-full e-flex e-con e-child\" data-id=\"c9a5afc\" data-element_type=\"container\" data-e-type=\"container\">\n\t\t\t\t<\/div>\n\t\t\t\t<\/div>\n\t\t\t\t<\/div>\n\t\t","protected":false},"excerpt":{"rendered":"<p>Stellenangebote Ergotherapeut*innen Wir suchen f\u00fcr Kitas im Raum Schleswig und Kropp Ergotherapeut*innen (m\/w\/d) als heilp\u00e4dagogische Fachkr\u00e4fte, die besondere Kinder mit Einf\u00fchlungsverm\u00f6gen und Fachkompetenz ambulant begleiten und f\u00f6rdern m\u00f6chten.Gemeinsam mit einem engagierten Team von Teilhabebegleiter:innen sorgst du daf\u00fcr, dass jedes Kind die bestm\u00f6gliche Unterst\u00fctzung und F\u00f6rderung erh\u00e4lt. Du bist Ergotherapeut*in und denkst, dass dieser Job genau [&hellip;]<\/p>\n","protected":false},"author":1,"featured_media":0,"parent":0,"menu_order":0,"comment_status":"closed","ping_status":"closed","template":"","meta":{"footnotes":""},"class_list":["post-1669","page","type-page","status-publish","hentry"],"_links":{"self":[{"href":"https:\/\/johannistal.net\/hpl\/wp-json\/wp\/v2\/pages\/1669","targetHints":{"allow":["GET"]}}],"collection":[{"href":"https:\/\/johannistal.net\/hpl\/wp-json\/wp\/v2\/pages"}],"about":[{"href":"https:\/\/johannistal.net\/hpl\/wp-json\/wp\/v2\/types\/page"}],"author":[{"embeddable":true,"href":"https:\/\/johannistal.net\/hpl\/wp-json\/wp\/v2\/users\/1"}],"replies":[{"embeddable":true,"href":"https:\/\/johannistal.net\/hpl\/wp-json\/wp\/v2\/comments?post=1669"}],"version-history":[{"count":118,"href":"https:\/\/johannistal.net\/hpl\/wp-json\/wp\/v2\/pages\/1669\/revisions"}],"predecessor-version":[{"id":2170,"href":"https:\/\/johannistal.net\/hpl\/wp-json\/wp\/v2\/pages\/1669\/revisions\/2170"}],"wp:attachment":[{"href":"https:\/\/johannistal.net\/hpl\/wp-json\/wp\/v2\/media?parent=1669"}],"curies":[{"name":"wp","href":"https:\/\/api.w.org\/{rel}","templated":true}]}}