{"id":1619,"date":"2024-08-07T09:03:51","date_gmt":"2024-08-07T07:03:51","guid":{"rendered":"https:\/\/johannistal.net\/hpl\/?page_id=1619"},"modified":"2024-08-13T22:07:48","modified_gmt":"2024-08-13T20:07:48","slug":"6-angebot-und-finanzierung","status":"publish","type":"page","link":"https:\/\/johannistal.net\/hpl\/6-angebot-und-finanzierung\/","title":{"rendered":"6. Angebot und Finanzierung"},"content":{"rendered":"\t\t<div data-elementor-type=\"wp-page\" data-elementor-id=\"1619\" class=\"elementor elementor-1619\">\n\t\t\t\t<div class=\"elementor-element elementor-element-eebffa2 e-flex e-con-boxed e-con e-parent\" data-id=\"eebffa2\" data-element_type=\"container\" data-e-type=\"container\" data-settings=\"{&quot;background_background&quot;:&quot;classic&quot;}\">\n\t\t\t\t\t<div class=\"e-con-inner\">\n\t\t\t\t\t<\/div>\n\t\t\t\t<\/div>\n\t\t<div class=\"elementor-element elementor-element-5019ae4 e-con-full e-flex e-con e-parent\" data-id=\"5019ae4\" data-element_type=\"container\" data-e-type=\"container\">\n\t\t<div class=\"elementor-element elementor-element-407f2cc e-con-full e-flex e-con e-child\" data-id=\"407f2cc\" data-element_type=\"container\" data-e-type=\"container\" data-settings=\"{&quot;background_background&quot;:&quot;gradient&quot;}\">\n\t\t\t\t<\/div>\n\t\t<div class=\"elementor-element elementor-element-0d2ccc3 e-con-full e-flex e-con e-child\" data-id=\"0d2ccc3\" data-element_type=\"container\" data-e-type=\"container\" data-settings=\"{&quot;background_background&quot;:&quot;gradient&quot;}\">\n\t\t\t\t<div class=\"elementor-element elementor-element-1643efc elementor-widget elementor-widget-heading\" data-id=\"1643efc\" data-element_type=\"widget\" data-e-type=\"widget\" data-widget_type=\"heading.default\">\n\t\t\t\t<div class=\"elementor-widget-container\">\n\t\t\t\t\t<h1 class=\"elementor-heading-title elementor-size-default\">6. Angebot und Finanzierung<\/h1>\t\t\t\t<\/div>\n\t\t\t\t<\/div>\n\t\t\t\t<div class=\"elementor-element elementor-element-db2041c elementor-widget elementor-widget-text-editor\" data-id=\"db2041c\" data-element_type=\"widget\" data-e-type=\"widget\" data-widget_type=\"text-editor.default\">\n\t\t\t\t<div class=\"elementor-widget-container\">\n\t\t\t\t\t\t\t\t\t<p>Das Angebot bezieht sich auf \u00a7 79 SGB IX i.V. m. \u00a7 113 SGB IX (2. und 3.)<\/p><p>Die Finanzierung der oben genannten Leistung erfolgt \u00fcber individuelle Bewilligungen durch den zust\u00e4ndigen Kostentr\u00e4ger f\u00fcr das anspruchsberechtigte Kind. Der zeitliche Umfang der Leistung orientiert sich am individuell notwendigen Bedarf des Kindes. Die Leistung findet in der Regel innerhalb der regelhaften \u00d6ffnungszeiten der Kita statt.<\/p>\t\t\t\t\t\t\t\t<\/div>\n\t\t\t\t<\/div>\n\t\t\t\t<\/div>\n\t\t<div class=\"elementor-element elementor-element-17afacb e-con-full e-flex e-con e-child\" data-id=\"17afacb\" data-element_type=\"container\" data-e-type=\"container\">\n\t\t\t\t<\/div>\n\t\t\t\t<\/div>\n\t\t<div class=\"elementor-element elementor-element-74c2ed5 e-con-full e-flex e-con e-parent\" data-id=\"74c2ed5\" data-element_type=\"container\" data-e-type=\"container\" data-settings=\"{&quot;background_background&quot;:&quot;classic&quot;}\">\n\t\t<div class=\"elementor-element elementor-element-31b074d e-con-full e-flex e-con e-child\" data-id=\"31b074d\" data-element_type=\"container\" data-e-type=\"container\" data-settings=\"{&quot;background_background&quot;:&quot;classic&quot;}\">\n\t\t\t\t<\/div>\n\t\t<div class=\"elementor-element elementor-element-cae8c71 e-con-full e-flex e-con e-child\" data-id=\"cae8c71\" data-element_type=\"container\" data-e-type=\"container\" data-settings=\"{&quot;background_background&quot;:&quot;classic&quot;}\">\n\t\t<div class=\"elementor-element elementor-element-a78e4ab e-grid e-con-full e-con e-child\" data-id=\"a78e4ab\" data-element_type=\"container\" data-e-type=\"container\">\n\t\t\t\t<div class=\"elementor-element elementor-element-be68c5a elementor-widget elementor-widget-button\" data-id=\"be68c5a\" data-element_type=\"widget\" data-e-type=\"widget\" data-widget_type=\"button.default\">\n\t\t\t\t<div class=\"elementor-widget-container\">\n\t\t\t\t\t\t\t\t\t<div class=\"elementor-button-wrapper\">\n\t\t\t\t\t<a class=\"elementor-button elementor-button-link elementor-size-sm\" href=\"https:\/\/johannistal.net\/hpl\/5-mitarbeiter-struktur\/\">\n\t\t\t\t\t\t<span class=\"elementor-button-content-wrapper\">\n\t\t\t\t\t\t<span class=\"elementor-button-icon\">\n\t\t\t\t<svg aria-hidden=\"true\" class=\"e-font-icon-svg e-fas-arrow-left\" viewBox=\"0 0 448 512\" xmlns=\"http:\/\/www.w3.org\/2000\/svg\"><path d=\"M257.5 445.1l-22.2 22.2c-9.4 9.4-24.6 9.4-33.9 0L7 273c-9.4-9.4-9.4-24.6 0-33.9L201.4 44.7c9.4-9.4 24.6-9.4 33.9 0l22.2 22.2c9.5 9.5 9.3 25-.4 34.3L136.6 216H424c13.3 0 24 10.7 24 24v32c0 13.3-10.7 24-24 24H136.6l120.5 114.8c9.8 9.3 10 24.8.4 34.3z\"><\/path><\/svg>\t\t\t<\/span>\n\t\t\t\t\t\t\t\t\t<span class=\"elementor-button-text\">Zur\u00fcck<\/span>\n\t\t\t\t\t<\/span>\n\t\t\t\t\t<\/a>\n\t\t\t\t<\/div>\n\t\t\t\t\t\t\t\t<\/div>\n\t\t\t\t<\/div>\n\t\t\t\t<\/div>\n\t\t\t\t<\/div>\n\t\t<div class=\"elementor-element elementor-element-d39c4f3 e-con-full e-flex e-con e-child\" data-id=\"d39c4f3\" data-element_type=\"container\" data-e-type=\"container\">\n\t\t\t\t<\/div>\n\t\t\t\t<\/div>\n\t\t\t\t<\/div>\n\t\t","protected":false},"excerpt":{"rendered":"<p>6. Angebot und Finanzierung Das Angebot bezieht sich auf \u00a7 79 SGB IX i.V. m. \u00a7 113 SGB IX (2. und 3.) Die Finanzierung der oben genannten Leistung erfolgt \u00fcber individuelle Bewilligungen durch den zust\u00e4ndigen Kostentr\u00e4ger f\u00fcr das anspruchsberechtigte Kind. Der zeitliche Umfang der Leistung orientiert sich am individuell notwendigen Bedarf des Kindes. Die Leistung [&hellip;]<\/p>\n","protected":false},"author":1,"featured_media":0,"parent":0,"menu_order":0,"comment_status":"closed","ping_status":"closed","template":"","meta":{"footnotes":""},"class_list":["post-1619","page","type-page","status-publish","hentry"],"_links":{"self":[{"href":"https:\/\/johannistal.net\/hpl\/wp-json\/wp\/v2\/pages\/1619","targetHints":{"allow":["GET"]}}],"collection":[{"href":"https:\/\/johannistal.net\/hpl\/wp-json\/wp\/v2\/pages"}],"about":[{"href":"https:\/\/johannistal.net\/hpl\/wp-json\/wp\/v2\/types\/page"}],"author":[{"embeddable":true,"href":"https:\/\/johannistal.net\/hpl\/wp-json\/wp\/v2\/users\/1"}],"replies":[{"embeddable":true,"href":"https:\/\/johannistal.net\/hpl\/wp-json\/wp\/v2\/comments?post=1619"}],"version-history":[{"count":19,"href":"https:\/\/johannistal.net\/hpl\/wp-json\/wp\/v2\/pages\/1619\/revisions"}],"predecessor-version":[{"id":2045,"href":"https:\/\/johannistal.net\/hpl\/wp-json\/wp\/v2\/pages\/1619\/revisions\/2045"}],"wp:attachment":[{"href":"https:\/\/johannistal.net\/hpl\/wp-json\/wp\/v2\/media?parent=1619"}],"curies":[{"name":"wp","href":"https:\/\/api.w.org\/{rel}","templated":true}]}}