{"id":1593,"date":"2024-08-07T08:58:22","date_gmt":"2024-08-07T06:58:22","guid":{"rendered":"https:\/\/johannistal.net\/hpl\/?page_id=1593"},"modified":"2024-08-13T22:06:59","modified_gmt":"2024-08-13T20:06:59","slug":"5-mitarbeiter-struktur","status":"publish","type":"page","link":"https:\/\/johannistal.net\/hpl\/5-mitarbeiter-struktur\/","title":{"rendered":"5. Mitarbeiter \/ Struktur"},"content":{"rendered":"\t\t<div data-elementor-type=\"wp-page\" data-elementor-id=\"1593\" class=\"elementor elementor-1593\">\n\t\t\t\t<div class=\"elementor-element elementor-element-eebffa2 e-flex e-con-boxed e-con e-parent\" data-id=\"eebffa2\" data-element_type=\"container\" data-e-type=\"container\" data-settings=\"{&quot;background_background&quot;:&quot;classic&quot;}\">\n\t\t\t\t\t<div class=\"e-con-inner\">\n\t\t\t\t\t<\/div>\n\t\t\t\t<\/div>\n\t\t<div class=\"elementor-element elementor-element-5019ae4 e-con-full e-flex e-con e-parent\" data-id=\"5019ae4\" data-element_type=\"container\" data-e-type=\"container\">\n\t\t<div class=\"elementor-element elementor-element-407f2cc e-con-full e-flex e-con e-child\" data-id=\"407f2cc\" data-element_type=\"container\" data-e-type=\"container\" data-settings=\"{&quot;background_background&quot;:&quot;gradient&quot;}\">\n\t\t\t\t<\/div>\n\t\t<div class=\"elementor-element elementor-element-0d2ccc3 e-con-full e-flex e-con e-child\" data-id=\"0d2ccc3\" data-element_type=\"container\" data-e-type=\"container\" data-settings=\"{&quot;background_background&quot;:&quot;gradient&quot;}\">\n\t\t\t\t<div class=\"elementor-element elementor-element-1643efc elementor-widget elementor-widget-heading\" data-id=\"1643efc\" data-element_type=\"widget\" data-e-type=\"widget\" data-widget_type=\"heading.default\">\n\t\t\t\t<div class=\"elementor-widget-container\">\n\t\t\t\t\t<h1 class=\"elementor-heading-title elementor-size-default\">5. Mitarbeiter bzw. Struktur<\/h1>\t\t\t\t<\/div>\n\t\t\t\t<\/div>\n\t\t\t\t<div class=\"elementor-element elementor-element-db2041c elementor-widget elementor-widget-text-editor\" data-id=\"db2041c\" data-element_type=\"widget\" data-e-type=\"widget\" data-widget_type=\"text-editor.default\">\n\t\t\t\t<div class=\"elementor-widget-container\">\n\t\t\t\t\t\t\t\t\t<p class=\"p1\">In dem Leistungsangebot arbeiten Menschen mit einer ausgepr\u00e4gten pers\u00f6nlichen Eignung f\u00fcr diese T\u00e4tigkeit. Wichtig ist Freude an der Arbeit mit Kindern sowie echtes Interesse, eine positive und wertsch\u00e4tzende Grundhaltung und eine liebevolle Sichtweise auf das Verhalten der Kinder. Interesse daran auf die Reise zu gehen und eine gute Beobachtungsgabe, um St\u00e4rken sowie Trigger zu erkennen, die eventuell versch\u00fcttet oder noch nicht erkannt wurden. Die mit den Kindern und nicht f\u00fcr sie handeln, einen Schutzraum f\u00fcr das Kind kreieren wollen und eine gro\u00dfe Bereitschaft zum Austausch und zur Weiterbildung zeigen.<\/p>\t\t\t\t\t\t\t\t<\/div>\n\t\t\t\t<\/div>\n\t\t\t\t<\/div>\n\t\t<div class=\"elementor-element elementor-element-17afacb e-con-full e-flex e-con e-child\" data-id=\"17afacb\" data-element_type=\"container\" data-e-type=\"container\">\n\t\t\t\t<\/div>\n\t\t\t\t<\/div>\n\t\t<div class=\"elementor-element elementor-element-9545e66 e-con-full e-flex e-con e-parent\" data-id=\"9545e66\" data-element_type=\"container\" data-e-type=\"container\" data-settings=\"{&quot;background_background&quot;:&quot;classic&quot;}\">\n\t\t<div class=\"elementor-element elementor-element-8e2ff4c e-con-full e-flex e-con e-child\" data-id=\"8e2ff4c\" data-element_type=\"container\" data-e-type=\"container\" data-settings=\"{&quot;background_background&quot;:&quot;classic&quot;}\">\n\t\t\t\t<\/div>\n\t\t<div class=\"elementor-element elementor-element-6eafeae e-con-full e-flex e-con e-child\" data-id=\"6eafeae\" data-element_type=\"container\" data-e-type=\"container\" data-settings=\"{&quot;background_background&quot;:&quot;classic&quot;}\">\n\t\t\t\t<div class=\"elementor-element elementor-element-d8a8410 elementor-widget elementor-widget-text-editor\" data-id=\"d8a8410\" data-element_type=\"widget\" data-e-type=\"widget\" data-widget_type=\"text-editor.default\">\n\t\t\t\t<div class=\"elementor-widget-container\">\n\t\t\t\t\t\t\t\t\t<p>Voraussetzungen f\u00fcr Teilhabebegleiter:innen sind unter anderem Empathie, Akzeptanz von Kindern ohne Vorbehalt (Toleranz), Hilfsbereitschaft, F\u00e4higkeit zur Wahrnehmung sowie der Wunsch zu unterst\u00fctzen und die Lebenswelt der Kinder zu verbessern.<\/p><p>Erg\u00e4nzt werden die pers\u00f6nlichen Kompetenzen durch t\u00e4tigkeitsbezogene Qualifizierungen am Anfang des Berufseinstiegs sowie kontinuierliche Fort- und Weiterbildungen sowie Anleitung durch eine heilp\u00e4dagogische Fachkraft.<\/p>\t\t\t\t\t\t\t\t<\/div>\n\t\t\t\t<\/div>\n\t\t\t\t<div class=\"elementor-element elementor-element-c1a8ef4 elementor-widget elementor-widget-heading\" data-id=\"c1a8ef4\" data-element_type=\"widget\" data-e-type=\"widget\" data-widget_type=\"heading.default\">\n\t\t\t\t<div class=\"elementor-widget-container\">\n\t\t\t\t\t<h5 class=\"elementor-heading-title elementor-size-default\">Zu den Weiterbildungsinhalten z\u00e4hlen Kenntnisse in folgenden Schwerpunkten: <\/h5>\t\t\t\t<\/div>\n\t\t\t\t<\/div>\n\t\t\t\t<div class=\"elementor-element elementor-element-20b850d elementor-widget elementor-widget-text-editor\" data-id=\"20b850d\" data-element_type=\"widget\" data-e-type=\"widget\" data-widget_type=\"text-editor.default\">\n\t\t\t\t<div class=\"elementor-widget-container\">\n\t\t\t\t\t\t\t\t\t<ul><li>Entwicklungspsychologische Grundlagen wie Entwicklungskonzepte, Bindungstheorie, Sprachentwicklung und heilp\u00e4dagogischen Konzepten<\/li><li>Hygiene und Infektionsschutz wie Schulungspflichten, Lebensmittelrecht und -kontrolle, Mikrobiologie sowie pers\u00f6nliche und Betriebshygiene<\/li><li>Sauberkeitsentwicklung wie Anatomie und Physiologie, Ablauf der Sauberkeitsentwicklung, Ausscheidungsst\u00f6rungen sowie praktische Tipps und Hilfestellungen<\/li><li>Krankheiten und Pr\u00e4vention in der Kita wie die rechtliche Situation (Infektionsschutzgesetz IfSG), infekti\u00f6se Krankheiten, Tr\u00e4gerpflichten und Anwendung von Notfallmedikamenten<\/li><li>Integration\/ Inklusion von chronisch erkrankten Kindern wie allergische Erkrankungen und Anfallsleiden<\/li><li>Kommunikation mit Eltern wie Abgrenzung zu den Aufgabengebieten der p\u00e4dagogischen Fachkr\u00e4fte und Regelungen \u00fcber Benachrichtigung, Notfallnummern, Ersatzpersonen<\/li><\/ul>\t\t\t\t\t\t\t\t<\/div>\n\t\t\t\t<\/div>\n\t\t\t\t<div class=\"elementor-element elementor-element-7c443cc elementor-widget elementor-widget-heading\" data-id=\"7c443cc\" data-element_type=\"widget\" data-e-type=\"widget\" data-widget_type=\"heading.default\">\n\t\t\t\t<div class=\"elementor-widget-container\">\n\t\t\t\t\t<h5 class=\"elementor-heading-title elementor-size-default\">Teilhabebegleitungen werden in folgenden Inhalten belehrt:<\/h5>\t\t\t\t<\/div>\n\t\t\t\t<\/div>\n\t\t\t\t<div class=\"elementor-element elementor-element-b2ffaf2 elementor-widget elementor-widget-text-editor\" data-id=\"b2ffaf2\" data-element_type=\"widget\" data-e-type=\"widget\" data-widget_type=\"text-editor.default\">\n\t\t\t\t<div class=\"elementor-widget-container\">\n\t\t\t\t\t\t\t\t\t<ul><li>Umgang bzgl. Kindeswohlgef\u00e4hrdung \u00a78a in Abgrenzung zu den Aufgaben der KiTa<\/li><li>Kinderschutz inklusive Gewalt- und Missbrauchspr\u00e4vention in Abgrenzung zu den Aufgaben der KiTa<\/li><li>Bedarfsorientierte Begleitung von Kindern in der Kita<\/li><li>Aufgabe und Rolle der Teilhabebegleitung sowie Abgrenzung zu KiTa-T\u00e4tigkeiten<\/li><li>Umgang mit herausfordernden Situationen und herausforderndem Verhalten<\/li><li>Einf\u00fchrung in das jeweilige, individuelle Krankheitsbild, falls notwendig<\/li><\/ul>\t\t\t\t\t\t\t\t<\/div>\n\t\t\t\t<\/div>\n\t\t\t\t<div class=\"elementor-element elementor-element-ba6b7e4 elementor-widget elementor-widget-text-editor\" data-id=\"ba6b7e4\" data-element_type=\"widget\" data-e-type=\"widget\" data-widget_type=\"text-editor.default\">\n\t\t\t\t<div class=\"elementor-widget-container\">\n\t\t\t\t\t\t\t\t\t<p>Mit Hilfe dieser Inhalte gilt es, sowohl grundlegendes theoretisches Wissen als auch praktische Handlungsstrategien und Methoden zu vermitteln. Damit erweitert die Teilhabebegleitung ihre F\u00e4higkeiten, um die individuellen Leistungen fundiert umzusetzen.<\/p><p>Am Ende dieser theoretischen Inhalte zum Einstieg, welche mittels Weiterbildungsmodulen, Informationsskripte und interner Videos vermittelt werden, finden jeweils Evaluationen der Inhalte statt. Damit gilt es sicherzustellen, dass sich die Informationen der Weiterbildungen bzw. einzelnen Module etabliert haben, welche zuk\u00fcnftig praktisch erprobt werden und den Teilnehmer:innen zunehmend Handlungssicherheit bieten. Diese Inhalte werden anschlie\u00dfend extern und intern zertifiziert. Jede Teilhabebegleitung erh\u00e4lt zudem interne Verfahrensanweisungen und Notfallpl\u00e4ne, um in heraufordernden Situationen handlungsf\u00e4hig zu bleiben.<\/p>\t\t\t\t\t\t\t\t<\/div>\n\t\t\t\t<\/div>\n\t\t\t\t<\/div>\n\t\t<div class=\"elementor-element elementor-element-5c44419 e-con-full e-flex e-con e-child\" data-id=\"5c44419\" data-element_type=\"container\" data-e-type=\"container\">\n\t\t\t\t<\/div>\n\t\t\t\t<\/div>\n\t\t<div class=\"elementor-element elementor-element-74c2ed5 e-con-full e-flex e-con e-parent\" data-id=\"74c2ed5\" data-element_type=\"container\" data-e-type=\"container\" data-settings=\"{&quot;background_background&quot;:&quot;classic&quot;}\">\n\t\t<div class=\"elementor-element elementor-element-31b074d e-con-full e-flex e-con e-child\" data-id=\"31b074d\" data-element_type=\"container\" data-e-type=\"container\" data-settings=\"{&quot;background_background&quot;:&quot;classic&quot;}\">\n\t\t\t\t<\/div>\n\t\t<div class=\"elementor-element elementor-element-cae8c71 e-con-full e-flex e-con e-child\" data-id=\"cae8c71\" data-element_type=\"container\" data-e-type=\"container\" data-settings=\"{&quot;background_background&quot;:&quot;classic&quot;}\">\n\t\t<div class=\"elementor-element elementor-element-a78e4ab e-grid e-con-full e-con e-child\" data-id=\"a78e4ab\" data-element_type=\"container\" data-e-type=\"container\">\n\t\t\t\t<div class=\"elementor-element elementor-element-be68c5a elementor-widget elementor-widget-button\" data-id=\"be68c5a\" data-element_type=\"widget\" data-e-type=\"widget\" data-widget_type=\"button.default\">\n\t\t\t\t<div class=\"elementor-widget-container\">\n\t\t\t\t\t\t\t\t\t<div class=\"elementor-button-wrapper\">\n\t\t\t\t\t<a class=\"elementor-button elementor-button-link elementor-size-sm\" href=\"https:\/\/johannistal.net\/hpl\/4-leistungen\/\">\n\t\t\t\t\t\t<span class=\"elementor-button-content-wrapper\">\n\t\t\t\t\t\t<span class=\"elementor-button-icon\">\n\t\t\t\t<svg aria-hidden=\"true\" class=\"e-font-icon-svg e-fas-arrow-left\" viewBox=\"0 0 448 512\" xmlns=\"http:\/\/www.w3.org\/2000\/svg\"><path d=\"M257.5 445.1l-22.2 22.2c-9.4 9.4-24.6 9.4-33.9 0L7 273c-9.4-9.4-9.4-24.6 0-33.9L201.4 44.7c9.4-9.4 24.6-9.4 33.9 0l22.2 22.2c9.5 9.5 9.3 25-.4 34.3L136.6 216H424c13.3 0 24 10.7 24 24v32c0 13.3-10.7 24-24 24H136.6l120.5 114.8c9.8 9.3 10 24.8.4 34.3z\"><\/path><\/svg>\t\t\t<\/span>\n\t\t\t\t\t\t\t\t\t<span class=\"elementor-button-text\">Zur\u00fcck<\/span>\n\t\t\t\t\t<\/span>\n\t\t\t\t\t<\/a>\n\t\t\t\t<\/div>\n\t\t\t\t\t\t\t\t<\/div>\n\t\t\t\t<\/div>\n\t\t\t\t<div class=\"elementor-element elementor-element-f32d51d elementor-align-right elementor-widget elementor-widget-button\" data-id=\"f32d51d\" data-element_type=\"widget\" data-e-type=\"widget\" data-widget_type=\"button.default\">\n\t\t\t\t<div class=\"elementor-widget-container\">\n\t\t\t\t\t\t\t\t\t<div class=\"elementor-button-wrapper\">\n\t\t\t\t\t<a class=\"elementor-button elementor-button-link elementor-size-sm\" href=\"https:\/\/johannistal.net\/hpl\/6-angebot-und-finanzierung\/\">\n\t\t\t\t\t\t<span class=\"elementor-button-content-wrapper\">\n\t\t\t\t\t\t<span class=\"elementor-button-icon\">\n\t\t\t\t<svg aria-hidden=\"true\" class=\"e-font-icon-svg e-fas-arrow-right\" viewBox=\"0 0 448 512\" xmlns=\"http:\/\/www.w3.org\/2000\/svg\"><path d=\"M190.5 66.9l22.2-22.2c9.4-9.4 24.6-9.4 33.9 0L441 239c9.4 9.4 9.4 24.6 0 33.9L246.6 467.3c-9.4 9.4-24.6 9.4-33.9 0l-22.2-22.2c-9.5-9.5-9.3-25 .4-34.3L311.4 296H24c-13.3 0-24-10.7-24-24v-32c0-13.3 10.7-24 24-24h287.4L190.9 101.2c-9.8-9.3-10-24.8-.4-34.3z\"><\/path><\/svg>\t\t\t<\/span>\n\t\t\t\t\t\t\t\t\t<span class=\"elementor-button-text\">Weiter<\/span>\n\t\t\t\t\t<\/span>\n\t\t\t\t\t<\/a>\n\t\t\t\t<\/div>\n\t\t\t\t\t\t\t\t<\/div>\n\t\t\t\t<\/div>\n\t\t\t\t<\/div>\n\t\t\t\t<\/div>\n\t\t<div class=\"elementor-element elementor-element-d39c4f3 e-con-full e-flex e-con e-child\" data-id=\"d39c4f3\" data-element_type=\"container\" data-e-type=\"container\">\n\t\t\t\t<\/div>\n\t\t\t\t<\/div>\n\t\t\t\t<\/div>\n\t\t","protected":false},"excerpt":{"rendered":"<p>5. Mitarbeiter bzw. Struktur In dem Leistungsangebot arbeiten Menschen mit einer ausgepr\u00e4gten pers\u00f6nlichen Eignung f\u00fcr diese T\u00e4tigkeit. Wichtig ist Freude an der Arbeit mit Kindern sowie echtes Interesse, eine positive und wertsch\u00e4tzende Grundhaltung und eine liebevolle Sichtweise auf das Verhalten der Kinder. Interesse daran auf die Reise zu gehen und eine gute Beobachtungsgabe, um St\u00e4rken [&hellip;]<\/p>\n","protected":false},"author":1,"featured_media":0,"parent":0,"menu_order":0,"comment_status":"closed","ping_status":"closed","template":"","meta":{"footnotes":""},"class_list":["post-1593","page","type-page","status-publish","hentry"],"_links":{"self":[{"href":"https:\/\/johannistal.net\/hpl\/wp-json\/wp\/v2\/pages\/1593","targetHints":{"allow":["GET"]}}],"collection":[{"href":"https:\/\/johannistal.net\/hpl\/wp-json\/wp\/v2\/pages"}],"about":[{"href":"https:\/\/johannistal.net\/hpl\/wp-json\/wp\/v2\/types\/page"}],"author":[{"embeddable":true,"href":"https:\/\/johannistal.net\/hpl\/wp-json\/wp\/v2\/users\/1"}],"replies":[{"embeddable":true,"href":"https:\/\/johannistal.net\/hpl\/wp-json\/wp\/v2\/comments?post=1593"}],"version-history":[{"count":40,"href":"https:\/\/johannistal.net\/hpl\/wp-json\/wp\/v2\/pages\/1593\/revisions"}],"predecessor-version":[{"id":2042,"href":"https:\/\/johannistal.net\/hpl\/wp-json\/wp\/v2\/pages\/1593\/revisions\/2042"}],"wp:attachment":[{"href":"https:\/\/johannistal.net\/hpl\/wp-json\/wp\/v2\/media?parent=1593"}],"curies":[{"name":"wp","href":"https:\/\/api.w.org\/{rel}","templated":true}]}}