{"id":1322,"date":"2024-08-06T12:22:46","date_gmt":"2024-08-06T10:22:46","guid":{"rendered":"https:\/\/johannistal.net\/hpl\/?page_id=1322"},"modified":"2024-08-13T22:02:44","modified_gmt":"2024-08-13T20:02:44","slug":"3-zielsetzung","status":"publish","type":"page","link":"https:\/\/johannistal.net\/hpl\/3-zielsetzung\/","title":{"rendered":"3. Zielsetzung"},"content":{"rendered":"\t\t<div data-elementor-type=\"wp-page\" data-elementor-id=\"1322\" class=\"elementor elementor-1322\">\n\t\t\t\t<div class=\"elementor-element elementor-element-65751d6 e-flex e-con-boxed e-con e-parent\" data-id=\"65751d6\" data-element_type=\"container\" data-e-type=\"container\" data-settings=\"{&quot;background_background&quot;:&quot;video&quot;,&quot;background_video_link&quot;:&quot;https:\\\/\\\/johannistal.net\\\/hpl\\\/wp-content\\\/uploads\\\/2024\\\/07\\\/video-personenkreis.mp4&quot;,&quot;background_play_on_mobile&quot;:&quot;yes&quot;}\">\n\t\t\t\t\t<div class=\"e-con-inner\">\n\t\t<div class=\"elementor-background-video-container\">\n\t\t\t\t\t\t\t<video class=\"elementor-background-video-hosted\" role=\"presentation\" autoplay muted playsinline loop><\/video>\n\t\t\t\t\t<\/div>\t\t\t<\/div>\n\t\t\t\t<\/div>\n\t\t<div class=\"elementor-element elementor-element-5019ae4 e-con-full e-flex e-con e-parent\" data-id=\"5019ae4\" data-element_type=\"container\" data-e-type=\"container\">\n\t\t<div class=\"elementor-element elementor-element-407f2cc e-con-full e-flex e-con e-child\" data-id=\"407f2cc\" data-element_type=\"container\" data-e-type=\"container\" data-settings=\"{&quot;background_background&quot;:&quot;gradient&quot;}\">\n\t\t\t\t<\/div>\n\t\t<div class=\"elementor-element elementor-element-0d2ccc3 e-con-full e-flex e-con e-child\" data-id=\"0d2ccc3\" data-element_type=\"container\" data-e-type=\"container\" data-settings=\"{&quot;background_background&quot;:&quot;gradient&quot;}\">\n\t\t\t\t<div class=\"elementor-element elementor-element-1643efc elementor-widget elementor-widget-heading\" data-id=\"1643efc\" data-element_type=\"widget\" data-e-type=\"widget\" data-widget_type=\"heading.default\">\n\t\t\t\t<div class=\"elementor-widget-container\">\n\t\t\t\t\t<h1 class=\"elementor-heading-title elementor-size-default\">3. Zielsetzung<\/h1>\t\t\t\t<\/div>\n\t\t\t\t<\/div>\n\t\t\t\t<div class=\"elementor-element elementor-element-d1f6d55 elementor-widget elementor-widget-text-editor\" data-id=\"d1f6d55\" data-element_type=\"widget\" data-e-type=\"widget\" data-widget_type=\"text-editor.default\">\n\t\t\t\t<div class=\"elementor-widget-container\">\n\t\t\t\t\t\t\t\t\t<p>Ziel des Angebotes ist es, das Kind im Kita-Alltag individuell und bedarfsgerecht zu begleiten und in seinem Entwicklungspotential zu f\u00f6rdern. Dabei wird es (und seine Familie) in seinen Lebensbewegungen beachtet und begleitet. Die Entwicklung der sozialen Kompetenzen wird gef\u00f6rdert und insgesamt die Teilhabe an der Lebensgestaltung in der Kita, \u00fcber die Heilp\u00e4dagogik, gest\u00e4rkt.<\/p>\t\t\t\t\t\t\t\t<\/div>\n\t\t\t\t<\/div>\n\t\t\t\t<\/div>\n\t\t<div class=\"elementor-element elementor-element-17afacb e-con-full e-flex e-con e-child\" data-id=\"17afacb\" data-element_type=\"container\" data-e-type=\"container\">\n\t\t\t\t<\/div>\n\t\t\t\t<\/div>\n\t\t<div class=\"elementor-element elementor-element-9545e66 e-con-full e-flex e-con e-parent\" data-id=\"9545e66\" data-element_type=\"container\" data-e-type=\"container\" data-settings=\"{&quot;background_background&quot;:&quot;classic&quot;}\">\n\t\t<div class=\"elementor-element elementor-element-8e2ff4c e-con-full e-flex e-con e-child\" data-id=\"8e2ff4c\" data-element_type=\"container\" data-e-type=\"container\" data-settings=\"{&quot;background_background&quot;:&quot;classic&quot;}\">\n\t\t\t\t<\/div>\n\t\t<div class=\"elementor-element elementor-element-6eafeae e-con-full e-flex e-con e-child\" data-id=\"6eafeae\" data-element_type=\"container\" data-e-type=\"container\" data-settings=\"{&quot;background_background&quot;:&quot;classic&quot;}\">\n\t\t\t\t<div class=\"elementor-element elementor-element-d8a8410 elementor-widget elementor-widget-text-editor\" data-id=\"d8a8410\" data-element_type=\"widget\" data-e-type=\"widget\" data-widget_type=\"text-editor.default\">\n\t\t\t\t<div class=\"elementor-widget-container\">\n\t\t\t\t\t\t\t\t\t<p>Einigen Kindern fehlen bisher m\u00f6gliche F\u00e4higkeiten, um sich \u00fcber Handlungen und Sprache ad\u00e4quat auszudr\u00fccken. Diese Kinder ben\u00f6tigen eine R\u00fcckmeldung wie sie durch ihr Handeln mit sich, der Welt und mit anderen in Kontakt treten, um ein Empfinden daf\u00fcr zu entwickeln (\u201eich werde \u00fcber meine Handlungen verstanden\u201c). Dies gelingt durch eine aufrichtige und aufmerksame Begleitung in ihren Bed\u00fcrfnissen und Emotionen durch Erwachsene.<\/p><p>Eine individuelle Betrachtung ist hilfreich, um den Blickwinkel des Kindes einzunehmen und den Sinn hinter dem Verhalten zu erkennen.\u00a0 Kinder erschlie\u00dfen sich ihre Welt, indem sie Dinge ausprobieren und erkunden. Sie m\u00f6chten ihre Bed\u00fcrfnisse befriedigen, mit anderen in Beziehung treten und Aufmerksamkeit erhalten.<\/p><p>Dem Kind wird die M\u00f6glichkeit geboten, F\u00e4higkeiten f\u00fcr herausfordernde Situationen zu erlernen und unter Anleitung und Begleitung der heilp\u00e4dagogischen Fachkraft, umzusetzen. Dazu gilt es die individuellen, auff\u00e4lligen Verhaltensweisen, systematisch zu beobachten, den Entwicklungsstand festzustellen und ggf. Entwicklungsauff\u00e4lligkeiten mit Entwicklungsdiagnostik und -f\u00f6rderung zu begegnen sowie gezielte heilp\u00e4dagogische Interventionen anzuwenden.<\/p><p>Es gilt, die Ziele so zu entwickeln, dass es dem Kind m\u00f6glich wird, die ihm aufgegebenen Entwicklungsaufgaben zu leisten Somit wird sichergestellt, dass eine gemeinsame Gestaltung des KiTa-Alltags m\u00f6glich wird und jedes Kind in einem bunten Miteinander auf die passende Art mit der F\u00fclle an Lebensgeschichten, Gef\u00fchlen und Gedankenteilhaben kann.<\/p>\t\t\t\t\t\t\t\t<\/div>\n\t\t\t\t<\/div>\n\t\t\t\t<\/div>\n\t\t<div class=\"elementor-element elementor-element-5c44419 e-con-full e-flex e-con e-child\" data-id=\"5c44419\" data-element_type=\"container\" data-e-type=\"container\">\n\t\t\t\t<\/div>\n\t\t\t\t<\/div>\n\t\t<div class=\"elementor-element elementor-element-22b7a44 e-con-full e-flex e-con e-parent\" data-id=\"22b7a44\" data-element_type=\"container\" data-e-type=\"container\">\n\t\t<div class=\"elementor-element elementor-element-a616b6d e-con-full e-flex e-con e-child\" data-id=\"a616b6d\" data-element_type=\"container\" data-e-type=\"container\" data-settings=\"{&quot;background_background&quot;:&quot;classic&quot;}\">\n\t\t\t\t<\/div>\n\t\t<div class=\"elementor-element elementor-element-e40702c e-con-full e-flex e-con e-child\" data-id=\"e40702c\" data-element_type=\"container\" data-e-type=\"container\" data-settings=\"{&quot;background_background&quot;:&quot;gradient&quot;}\">\n\t\t<div class=\"elementor-element elementor-element-aba694a e-con-full e-flex elementor-invisible e-con e-child\" data-id=\"aba694a\" data-element_type=\"container\" data-e-type=\"container\" data-settings=\"{&quot;animation&quot;:&quot;fadeInUp&quot;}\">\n\t\t\t\t<div class=\"elementor-element elementor-element-98ad913 elementor-widget elementor-widget-image\" data-id=\"98ad913\" data-element_type=\"widget\" data-e-type=\"widget\" data-widget_type=\"image.default\">\n\t\t\t\t<div class=\"elementor-widget-container\">\n\t\t\t\t\t\t\t\t\t\t\t\t\t\t\t<img decoding=\"async\" src=\"https:\/\/johannistal.net\/hpl\/wp-content\/uploads\/elementor\/thumbs\/pexels-cottonbro-3662874-rfmlsrgl107x6nrm6x753vjxn21rxaq4rmvy9imxpk.jpg\" title=\"pexels-cottonbro-3662874\" alt=\"pexels-cottonbro-3662874\" loading=\"lazy\" \/>\t\t\t\t\t\t\t\t\t\t\t\t\t\t\t<\/div>\n\t\t\t\t<\/div>\n\t\t\t\t<\/div>\n\t\t<div class=\"elementor-element elementor-element-12065eb e-con-full e-flex e-con e-child\" data-id=\"12065eb\" data-element_type=\"container\" data-e-type=\"container\">\n\t\t\t\t<div class=\"elementor-element elementor-element-f85a039 elementor-widget elementor-widget-text-editor\" data-id=\"f85a039\" data-element_type=\"widget\" data-e-type=\"widget\" data-widget_type=\"text-editor.default\">\n\t\t\t\t<div class=\"elementor-widget-container\">\n\t\t\t\t\t\t\t\t\t<p class=\"p1\">Der Fokus ist es, gemeinsam mit den Fachkr\u00e4ften der Kita im Sinne des Kindes zusammenarbeiten und L\u00f6sungsm\u00f6glichkeiten, unter Einbeziehung der kindlichen Ressourcen, zu erarbeiten. Soziale Teilhabe (gem. \u00a7113 SGB IX) wird von der Teilhabebegleitung, unter der fachlichen Anleitung einer heilp\u00e4dagogischen Fachkraft geleistet.<\/p>\t\t\t\t\t\t\t\t<\/div>\n\t\t\t\t<\/div>\n\t\t\t\t<\/div>\n\t\t\t\t<\/div>\n\t\t<div class=\"elementor-element elementor-element-9592bb9 e-con-full e-flex e-con e-child\" data-id=\"9592bb9\" data-element_type=\"container\" data-e-type=\"container\">\n\t\t\t\t<\/div>\n\t\t\t\t<\/div>\n\t\t<div class=\"elementor-element elementor-element-123b150 e-con-full e-flex e-con e-parent\" data-id=\"123b150\" data-element_type=\"container\" data-e-type=\"container\" data-settings=\"{&quot;background_background&quot;:&quot;classic&quot;}\">\n\t\t<div class=\"elementor-element elementor-element-895e1a5 e-con-full e-flex e-con e-child\" data-id=\"895e1a5\" data-element_type=\"container\" data-e-type=\"container\" data-settings=\"{&quot;background_background&quot;:&quot;classic&quot;}\">\n\t\t\t\t<\/div>\n\t\t<div class=\"elementor-element elementor-element-1fc4250 e-con-full e-flex e-con e-child\" data-id=\"1fc4250\" data-element_type=\"container\" data-e-type=\"container\" data-settings=\"{&quot;background_background&quot;:&quot;classic&quot;}\">\n\t\t\t\t<div class=\"elementor-element elementor-element-022a272 elementor-widget elementor-widget-text-editor\" data-id=\"022a272\" data-element_type=\"widget\" data-e-type=\"widget\" data-widget_type=\"text-editor.default\">\n\t\t\t\t<div class=\"elementor-widget-container\">\n\t\t\t\t\t\t\t\t\t<p>Dies kann grunds\u00e4tzlich in allen Kindertagesst\u00e4tten geleistet werden. Die Leistung findet einzelfallbezogen in den jeweiligen Kita-Rahmenbedingungen sowie im kontinuierlichen Austausch mit der heilp\u00e4dagogischen Fachkraft und den Fachkr\u00e4ften in der Kita vor Ort statt.<\/p><p>Die F\u00f6rderung im Rahmen dieses Leistungsangebotes zielt darauf ab, m\u00f6glichst pr\u00e4ventiv zu agieren und somit den zuk\u00fcnftigen Unterst\u00fctzungsbedarf zu minimieren und bestenfalls \u00fcberfl\u00fcssig zu machen.\u00a0 \u00a0 \u00a0<\/p><p>Durch die enge Zusammenarbeit der heilp\u00e4dagogischen Fachkraft und der Teilhabebegleitung ist sichergestellt, dass allt\u00e4gliche Beobachtungen die heilp\u00e4dagogische Fachkraft sicher erreichen und damit in die individuelle heilp\u00e4dagogische F\u00f6rderung einflie\u00dfen.\u00a0 Die Teilhabebegleitung wird durch die Fachkraft laufend und umfangreich bzgl. der individuellen heilp\u00e4dagogischen F\u00f6rderma\u00dfnahmen geschult. Wenn m\u00f6glich unterst\u00fctzt die Teilhabebegleitung dabei, die geplanten F\u00f6rderma\u00dfnahmen w\u00e4hrend des gesamten Zeitraums ihrer T\u00e4tigkeit in den KiTa-Alltag zu integrieren.<\/p>\t\t\t\t\t\t\t\t<\/div>\n\t\t\t\t<\/div>\n\t\t\t\t<\/div>\n\t\t<div class=\"elementor-element elementor-element-8c44892 e-con-full e-flex e-con e-child\" data-id=\"8c44892\" data-element_type=\"container\" data-e-type=\"container\">\n\t\t\t\t<\/div>\n\t\t\t\t<\/div>\n\t\t<div class=\"elementor-element elementor-element-b3053cd e-con-full e-flex e-con e-parent\" data-id=\"b3053cd\" data-element_type=\"container\" data-e-type=\"container\" data-settings=\"{&quot;background_background&quot;:&quot;gradient&quot;}\">\n\t\t<div class=\"elementor-element elementor-element-2333178 e-con-full e-flex elementor-invisible e-con e-child\" data-id=\"2333178\" data-element_type=\"container\" data-e-type=\"container\" data-settings=\"{&quot;animation&quot;:&quot;fadeInLeft&quot;}\">\n\t\t\t\t<\/div>\n\t\t<div class=\"elementor-element elementor-element-dd87dbc e-con-full e-flex e-con e-child\" data-id=\"dd87dbc\" data-element_type=\"container\" data-e-type=\"container\" data-settings=\"{&quot;background_background&quot;:&quot;classic&quot;}\">\n\t\t\t\t<div class=\"elementor-element elementor-element-1cfc5f1 elementor-widget__width-initial elementor-widget elementor-widget-image\" data-id=\"1cfc5f1\" data-element_type=\"widget\" data-e-type=\"widget\" data-widget_type=\"image.default\">\n\t\t\t\t<div class=\"elementor-widget-container\">\n\t\t\t\t\t\t\t\t\t\t\t\t\t\t\t<img fetchpriority=\"high\" decoding=\"async\" width=\"667\" height=\"1000\" src=\"https:\/\/johannistal.net\/hpl\/wp-content\/uploads\/2024\/08\/pexels-yankrukov-8613091.jpg\" class=\"attachment-large size-large wp-image-1767\" alt=\"\" srcset=\"https:\/\/johannistal.net\/hpl\/wp-content\/uploads\/2024\/08\/pexels-yankrukov-8613091.jpg 667w, https:\/\/johannistal.net\/hpl\/wp-content\/uploads\/2024\/08\/pexels-yankrukov-8613091-200x300.jpg 200w\" sizes=\"(max-width: 667px) 100vw, 667px\" \/>\t\t\t\t\t\t\t\t\t\t\t\t\t\t\t<\/div>\n\t\t\t\t<\/div>\n\t\t\t\t<\/div>\n\t\t<div class=\"elementor-element elementor-element-585ec22 e-con-full e-flex e-con e-child\" data-id=\"585ec22\" data-element_type=\"container\" data-e-type=\"container\" data-settings=\"{&quot;background_background&quot;:&quot;classic&quot;}\">\n\t\t\t\t<div class=\"elementor-element elementor-element-a8dafbb elementor-widget elementor-widget-text-editor\" data-id=\"a8dafbb\" data-element_type=\"widget\" data-e-type=\"widget\" data-widget_type=\"text-editor.default\">\n\t\t\t\t<div class=\"elementor-widget-container\">\n\t\t\t\t\t\t\t\t\t<p>Das Leistungsangebot bietet eine F\u00f6rderung des Kindes im KiTa-Kontext. Ziel ist es, durch heilp\u00e4dagogische F\u00f6rderung in der KiTa (kindsorientierte F\u00f6rderung), Elternberatung, Beratung der Kita und interdisziplin\u00e4re Vernetzung die Inklusion des Kindes in die Gruppe zu erreichen bzw. zu unterst\u00fctzen. Es wird insgesamt die gr\u00f6\u00dftm\u00f6gliche Autonomie, Selbstverwirklichung und Pers\u00f6nlichkeitsentwicklung des Kindes entsprechend seiner M\u00f6glichkeiten und Ressourcen angestrebt.\u00a0<\/p>\t\t\t\t\t\t\t\t<\/div>\n\t\t\t\t<\/div>\n\t\t\t\t<\/div>\n\t\t<div class=\"elementor-element elementor-element-9a070d2 e-con-full e-flex e-con e-child\" data-id=\"9a070d2\" data-element_type=\"container\" data-e-type=\"container\" data-settings=\"{&quot;background_background&quot;:&quot;classic&quot;}\">\n\t\t\t\t<\/div>\n\t\t\t\t<\/div>\n\t\t<div class=\"elementor-element elementor-element-b87e0ba e-con-full e-flex e-con e-parent\" data-id=\"b87e0ba\" data-element_type=\"container\" data-e-type=\"container\" data-settings=\"{&quot;background_background&quot;:&quot;classic&quot;}\">\n\t\t<div class=\"elementor-element elementor-element-aaf0e07 e-con-full e-flex e-con e-child\" data-id=\"aaf0e07\" data-element_type=\"container\" data-e-type=\"container\" data-settings=\"{&quot;background_background&quot;:&quot;classic&quot;}\">\n\t\t\t\t<\/div>\n\t\t<div class=\"elementor-element elementor-element-86ca972 e-con-full e-flex e-con e-child\" data-id=\"86ca972\" data-element_type=\"container\" data-e-type=\"container\" data-settings=\"{&quot;background_background&quot;:&quot;classic&quot;}\">\n\t\t\t\t<div class=\"elementor-element elementor-element-fe3b07a elementor-widget elementor-widget-text-editor\" data-id=\"fe3b07a\" data-element_type=\"widget\" data-e-type=\"widget\" data-widget_type=\"text-editor.default\">\n\t\t\t\t<div class=\"elementor-widget-container\">\n\t\t\t\t\t\t\t\t\t<p>Ganz nach dem Motto: \u201eNicht gegen den Fehler, sondern f\u00fcr das Fehlende\u201c \u2013 gilt es, das Agieren zu verstehen. Das Erleben von St\u00f6rungen dient dazu, Fragen nach Zust\u00e4nden, Verh\u00e4ltnissen und Beziehungen sowie nach Grundbed\u00fcrfnissen, St\u00e4rken und Schw\u00e4chen, Ressourcen und Defiziten zu kl\u00e4ren. Heilp\u00e4dagogisches Handeln erweitert und f\u00f6rdert Ressourcen, um als destruktiv interpretierte Muster zu \u00fcberwinden und mit Hilfe der F\u00e4higkeiten alternative Strategien zu entwickeln.<\/p><p><strong>Schwerpunkte im Auftrag stellen dabei dar:<\/strong><\/p><ul><li>Hypothesengeleitete, ganzheitliche Beobachtung<\/li><li>Beratung der Kita bzgl. Wahrnehmung und F\u00f6rderung des jeweiligen Kindes<\/li><li>Vermittlung von Verst\u00e4ndniskonzepten zur Lebenssituation des Kindes<\/li><\/ul><p>\u00a0<\/p><p>Durch individuell angepasste F\u00f6rderma\u00dfnahmen werden F\u00e4higkeiten und Fertigkeiten gezielt gef\u00f6rdert. Dies erfolgt handlungs- und alltagsorientiert, also eingebettet in die Lebenswelt des Kindes in der Kita, und verbessert so nachhaltig die M\u00f6glichkeit seiner sozialen Teilhabe.<\/p>\t\t\t\t\t\t\t\t<\/div>\n\t\t\t\t<\/div>\n\t\t\t\t<\/div>\n\t\t<div class=\"elementor-element elementor-element-b55aed9 e-con-full e-flex e-con e-child\" data-id=\"b55aed9\" data-element_type=\"container\" data-e-type=\"container\">\n\t\t\t\t<\/div>\n\t\t\t\t<\/div>\n\t\t<div class=\"elementor-element elementor-element-8b0dbfd e-con-full e-flex e-con e-parent\" data-id=\"8b0dbfd\" data-element_type=\"container\" data-e-type=\"container\" data-settings=\"{&quot;background_background&quot;:&quot;classic&quot;}\">\n\t\t<div class=\"elementor-element elementor-element-38ab083 e-con-full e-flex e-con e-child\" data-id=\"38ab083\" data-element_type=\"container\" data-e-type=\"container\" data-settings=\"{&quot;background_background&quot;:&quot;classic&quot;}\">\n\t\t\t\t<\/div>\n\t\t<div class=\"elementor-element elementor-element-c84068f e-con-full e-flex e-con e-child\" data-id=\"c84068f\" data-element_type=\"container\" data-e-type=\"container\" data-settings=\"{&quot;background_background&quot;:&quot;classic&quot;}\">\n\t\t<div class=\"elementor-element elementor-element-b51dbc8 e-grid e-con-full e-con e-child\" data-id=\"b51dbc8\" data-element_type=\"container\" data-e-type=\"container\">\n\t\t\t\t<div class=\"elementor-element elementor-element-5d1f004 elementor-widget elementor-widget-button\" data-id=\"5d1f004\" data-element_type=\"widget\" data-e-type=\"widget\" data-widget_type=\"button.default\">\n\t\t\t\t<div class=\"elementor-widget-container\">\n\t\t\t\t\t\t\t\t\t<div class=\"elementor-button-wrapper\">\n\t\t\t\t\t<a class=\"elementor-button elementor-button-link elementor-size-sm\" href=\"https:\/\/johannistal.net\/hpl\/2-personenkreis\/\">\n\t\t\t\t\t\t<span class=\"elementor-button-content-wrapper\">\n\t\t\t\t\t\t<span class=\"elementor-button-icon\">\n\t\t\t\t<svg aria-hidden=\"true\" class=\"e-font-icon-svg e-fas-arrow-left\" viewBox=\"0 0 448 512\" xmlns=\"http:\/\/www.w3.org\/2000\/svg\"><path d=\"M257.5 445.1l-22.2 22.2c-9.4 9.4-24.6 9.4-33.9 0L7 273c-9.4-9.4-9.4-24.6 0-33.9L201.4 44.7c9.4-9.4 24.6-9.4 33.9 0l22.2 22.2c9.5 9.5 9.3 25-.4 34.3L136.6 216H424c13.3 0 24 10.7 24 24v32c0 13.3-10.7 24-24 24H136.6l120.5 114.8c9.8 9.3 10 24.8.4 34.3z\"><\/path><\/svg>\t\t\t<\/span>\n\t\t\t\t\t\t\t\t\t<span class=\"elementor-button-text\">Zur\u00fcck<\/span>\n\t\t\t\t\t<\/span>\n\t\t\t\t\t<\/a>\n\t\t\t\t<\/div>\n\t\t\t\t\t\t\t\t<\/div>\n\t\t\t\t<\/div>\n\t\t\t\t<div class=\"elementor-element elementor-element-759c913 elementor-align-right elementor-widget elementor-widget-button\" data-id=\"759c913\" data-element_type=\"widget\" data-e-type=\"widget\" data-widget_type=\"button.default\">\n\t\t\t\t<div class=\"elementor-widget-container\">\n\t\t\t\t\t\t\t\t\t<div class=\"elementor-button-wrapper\">\n\t\t\t\t\t<a class=\"elementor-button elementor-button-link elementor-size-sm\" href=\"https:\/\/johannistal.net\/hpl\/4-leistungen\/\">\n\t\t\t\t\t\t<span class=\"elementor-button-content-wrapper\">\n\t\t\t\t\t\t<span class=\"elementor-button-icon\">\n\t\t\t\t<svg aria-hidden=\"true\" class=\"e-font-icon-svg e-fas-arrow-right\" viewBox=\"0 0 448 512\" xmlns=\"http:\/\/www.w3.org\/2000\/svg\"><path d=\"M190.5 66.9l22.2-22.2c9.4-9.4 24.6-9.4 33.9 0L441 239c9.4 9.4 9.4 24.6 0 33.9L246.6 467.3c-9.4 9.4-24.6 9.4-33.9 0l-22.2-22.2c-9.5-9.5-9.3-25 .4-34.3L311.4 296H24c-13.3 0-24-10.7-24-24v-32c0-13.3 10.7-24 24-24h287.4L190.9 101.2c-9.8-9.3-10-24.8-.4-34.3z\"><\/path><\/svg>\t\t\t<\/span>\n\t\t\t\t\t\t\t\t\t<span class=\"elementor-button-text\">Weiter<\/span>\n\t\t\t\t\t<\/span>\n\t\t\t\t\t<\/a>\n\t\t\t\t<\/div>\n\t\t\t\t\t\t\t\t<\/div>\n\t\t\t\t<\/div>\n\t\t\t\t<\/div>\n\t\t\t\t<\/div>\n\t\t<div class=\"elementor-element elementor-element-e7942d9 e-con-full e-flex e-con e-child\" data-id=\"e7942d9\" data-element_type=\"container\" data-e-type=\"container\">\n\t\t\t\t<\/div>\n\t\t\t\t<\/div>\n\t\t\t\t<\/div>\n\t\t","protected":false},"excerpt":{"rendered":"<p>3. Zielsetzung Ziel des Angebotes ist es, das Kind im Kita-Alltag individuell und bedarfsgerecht zu begleiten und in seinem Entwicklungspotential zu f\u00f6rdern. Dabei wird es (und seine Familie) in seinen Lebensbewegungen beachtet und begleitet. Die Entwicklung der sozialen Kompetenzen wird gef\u00f6rdert und insgesamt die Teilhabe an der Lebensgestaltung in der Kita, \u00fcber die Heilp\u00e4dagogik, gest\u00e4rkt. [&hellip;]<\/p>\n","protected":false},"author":1,"featured_media":0,"parent":0,"menu_order":0,"comment_status":"closed","ping_status":"closed","template":"","meta":{"footnotes":""},"class_list":["post-1322","page","type-page","status-publish","hentry"],"_links":{"self":[{"href":"https:\/\/johannistal.net\/hpl\/wp-json\/wp\/v2\/pages\/1322","targetHints":{"allow":["GET"]}}],"collection":[{"href":"https:\/\/johannistal.net\/hpl\/wp-json\/wp\/v2\/pages"}],"about":[{"href":"https:\/\/johannistal.net\/hpl\/wp-json\/wp\/v2\/types\/page"}],"author":[{"embeddable":true,"href":"https:\/\/johannistal.net\/hpl\/wp-json\/wp\/v2\/users\/1"}],"replies":[{"embeddable":true,"href":"https:\/\/johannistal.net\/hpl\/wp-json\/wp\/v2\/comments?post=1322"}],"version-history":[{"count":139,"href":"https:\/\/johannistal.net\/hpl\/wp-json\/wp\/v2\/pages\/1322\/revisions"}],"predecessor-version":[{"id":2030,"href":"https:\/\/johannistal.net\/hpl\/wp-json\/wp\/v2\/pages\/1322\/revisions\/2030"}],"wp:attachment":[{"href":"https:\/\/johannistal.net\/hpl\/wp-json\/wp\/v2\/media?parent=1322"}],"curies":[{"name":"wp","href":"https:\/\/api.w.org\/{rel}","templated":true}]}}